{"id":218,"date":"2020-05-12T03:43:04","date_gmt":"2020-05-12T03:43:04","guid":{"rendered":"https:\/\/parkingservisulcinj.me\/about\/"},"modified":"2025-04-15T20:45:21","modified_gmt":"2025-04-15T20:45:21","slug":"o-nama","status":"publish","type":"page","link":"https:\/\/parkingservisulcinj.me\/shq\/o-nama\/","title":{"rendered":"Rreth nesh"},"content":{"rendered":"<div class=\"wp-block-uagb-container uagb-block-f6474934 alignfull uagb-is-root-container\"><div class=\"uagb-container-inner-blocks-wrap\">\n<div class=\"wp-block-uagb-advanced-heading uagb-block-b47deef7\"><h1 class=\"uagb-heading-text\">Rreth nesh<\/h1><\/div>\n<\/div><\/div>\n\n\n\n<div class=\"wp-block-uagb-container uagb-block-da5d164a alignfull uagb-is-root-container\"><div class=\"uagb-container-inner-blocks-wrap\">\n<div class=\"wp-block-uagb-container uagb-block-2b01c8b2\">\n<div class=\"wp-block-uagb-advanced-heading uagb-block-7d9c3655\"><h2 class=\"uagb-heading-text\">I themeluar n\u00eb vitin 2019<\/h2><\/div>\n\n\n\n<figure class=\"is-style-stripes wp-block-table\" style=\"padding-top:var(--wp--preset--spacing--30);padding-right:var(--wp--preset--spacing--70);padding-bottom:var(--wp--preset--spacing--30);padding-left:0\"><table><tbody><tr><td class=\"has-text-align-left\" data-align=\"left\"><strong>Emri:<\/strong><\/td><td class=\"has-text-align-left\" data-align=\"left\">SHPK Parking sh\u00ebrbimi Ulqin<\/td><\/tr><tr><td class=\"has-text-align-left\" data-align=\"left\"><strong>Selia:<\/strong><\/td><td class=\"has-text-align-left\" data-align=\"left\">Bulevar Gj. K. Skenderbeu<\/td><\/tr><tr><td class=\"has-text-align-left\" data-align=\"left\"><strong>PIB:<\/strong><\/td><td class=\"has-text-align-left\" data-align=\"left\">03257380<\/td><\/tr><tr><td class=\"has-text-align-left\" data-align=\"left\"><strong>PDV:<\/strong><\/td><td class=\"has-text-align-left\" data-align=\"left\">82\/31-02197-4<\/td><\/tr><tr><td class=\"has-text-align-left\" data-align=\"left\"><strong>Kodi i aktivitetit:<\/strong><\/td><td class=\"has-text-align-left\" data-align=\"left\">5221 \u2013 aktivitetet e sh\u00ebrbimit <br>n\u00eb trafikun tok\u00ebsor<\/td><\/tr><\/tbody><\/table><\/figure>\n\n\n\n<p class=\"\"><strong>Llogarija bankare:<\/strong><br>540-10510-43 ERSTE BANKA<br>530-166890-57 NLB MONTENEGRO BANKA<br>520-18298-83 HIPOTEKARNA BANKA<\/p>\n<\/div>\n\n\n\n<div class=\"wp-block-uagb-container uagb-block-fdfc0364\">\n<div class=\"wp-block-uagb-info-box uagb-block-0ef86749 uagb-infobox__content-wrap  uagb-infobox-icon-above-title uagb-infobox-image-valign-top\"><div class=\"uagb-ifb-content\"><div class=\"uagb-ifb-title-wrap\"><span class=\"uagb-ifb-title-prefix\"><strong>Aktiviteti kryesor i SHPK Parking sh\u00ebrbimi Ulqin \u00ebsht\u00eb aktiviteti sh\u00ebrbyes n\u00eb transportin tok\u00ebsor dhe aktiviteti me interes publik.<\/strong><\/span><\/div><p class=\"uagb-ifb-desc\">Kompania menaxhon, shfryt\u00ebzon dhe mir\u00ebmban parkingjet dhe garazhet publike n\u00eb komun\u00ebn e Ulqinit, mbledh taksat lidhur me shfryt\u00ebzimin e parkingjeve dhe garazheve publike, tarifon parkingjet n\u00eb parkingje dhe garazhe publike, p\u00ebrcakton, rregullon dhe mir\u00ebmban publikun hap\u00ebsira p\u00ebr parkimin e mjeteve motorike.<br><br>SHPK Parking sh\u00ebrbimi Ulqin \u00ebsht\u00eb themeluar me Vendim t\u00eb Kuvendit t\u00eb Komun\u00ebs s\u00eb Ulqinit n\u00eb vitin 2019. Sot ai p\u00ebrfaq\u00ebson nj\u00eb element t\u00eb r\u00ebnd\u00ebsish\u00ebm n\u00eb formimin e imazhit vizual t\u00eb Ulqinit dhe funksionimin normal t\u00eb aktiviteteve baz\u00eb komunale.<br><br>Me aktin e themelimit, shoq\u00ebris\u00eb iu besuan detyra me interes publik, p\u00ebrkat\u00ebsisht sh\u00ebrbime n\u00eb transportin tok\u00ebsor. Kompania e kryen k\u00ebt\u00eb veprimtari n\u00eb m\u00ebnyr\u00ebn q\u00eb menaxhon parkingjet publike, tarifon hap\u00ebsirat e parkimit n\u00eb parkingje publike, p\u00ebrcakton, rregullon dhe mir\u00ebmban hap\u00ebsirat publike p\u00ebr parkimin e mjeteve motorike.<\/p><\/div><\/div>\n<\/div>\n<\/div><\/div>\n\n\n\n<div class=\"wp-block-uagb-advanced-heading uagb-block-dc827c1d\"><h2 class=\"uagb-heading-text\"><strong>Menaxhmenti<\/strong><\/h2><\/div>\n\n\n\n<div class=\"wp-block-uagb-container uagb-block-98e2f8c9 alignfull uagb-is-root-container\"><div class=\"uagb-container-inner-blocks-wrap\">\n<div class=\"wp-block-uagb-container uagb-block-a543ff56\">\n<div class=\"wp-block-uagb-advanced-heading uagb-block-72e7531d\"><h2 class=\"uagb-heading-text\">Arsim Cuca<\/h2><p class=\"uagb-desc-text\">V.D. Izvr\u0161nog direktora<\/p><\/div>\n<\/div>\n\n\n\n<div class=\"wp-block-uagb-container uagb-block-fbdcaa3d\">\n<figure class=\"is-style-rounded wp-block-image aligncenter size-full is-resized\"><img loading=\"lazy\" decoding=\"async\" width=\"1068\" height=\"1600\" src=\"https:\/\/parkingservisulcinj.me\/wp-content\/uploads\/2024\/04\/Suad-Djelovic.jpg\" alt=\"\" class=\"wp-image-1697\" style=\"object-fit:cover;width:150px;height:250px\" srcset=\"https:\/\/parkingservisulcinj.me\/wp-content\/uploads\/2024\/04\/Suad-Djelovic.jpg 1068w, https:\/\/parkingservisulcinj.me\/wp-content\/uploads\/2024\/04\/Suad-Djelovic-200x300.jpg 200w, https:\/\/parkingservisulcinj.me\/wp-content\/uploads\/2024\/04\/Suad-Djelovic-684x1024.jpg 684w, https:\/\/parkingservisulcinj.me\/wp-content\/uploads\/2024\/04\/Suad-Djelovic-768x1151.jpg 768w, https:\/\/parkingservisulcinj.me\/wp-content\/uploads\/2024\/04\/Suad-Djelovic-1025x1536.jpg 1025w\" sizes=\"auto, (max-width: 1068px) 100vw, 1068px\" \/><\/figure>\n\n\n\n<div class=\"wp-block-uagb-advanced-heading uagb-block-2157b099\"><h2 class=\"uagb-heading-text\">Suad Gjelloviq<\/h2><p class=\"uagb-desc-text\">Udh\u00ebheq\u00ebs i parkingjeve dhe garazheve publike<\/p><\/div>\n<\/div>\n\n\n\n<div class=\"wp-block-uagb-container uagb-block-8ed81eea\">\n<figure class=\"is-style-rounded wp-block-image aligncenter size-full is-resized\"><img loading=\"lazy\" decoding=\"async\" width=\"1068\" height=\"1601\" src=\"https:\/\/parkingservisulcinj.me\/wp-content\/uploads\/2024\/04\/Samira-Beci.jpg\" alt=\"\" class=\"wp-image-1695\" style=\"object-fit:cover;width:150px;height:250px\" srcset=\"https:\/\/parkingservisulcinj.me\/wp-content\/uploads\/2024\/04\/Samira-Beci.jpg 1068w, https:\/\/parkingservisulcinj.me\/wp-content\/uploads\/2024\/04\/Samira-Beci-200x300.jpg 200w, https:\/\/parkingservisulcinj.me\/wp-content\/uploads\/2024\/04\/Samira-Beci-683x1024.jpg 683w, https:\/\/parkingservisulcinj.me\/wp-content\/uploads\/2024\/04\/Samira-Beci-768x1151.jpg 768w, https:\/\/parkingservisulcinj.me\/wp-content\/uploads\/2024\/04\/Samira-Beci-1025x1536.jpg 1025w\" sizes=\"auto, (max-width: 1068px) 100vw, 1068px\" \/><\/figure>\n\n\n\n<div class=\"wp-block-uagb-advanced-heading uagb-block-c36fd530\"><h2 class=\"uagb-heading-text\">Samira Beci<\/h2><p class=\"uagb-desc-text\">Udh\u00ebheq\u00ebs i sektorit p\u00ebr \u00e7\u00ebshtje juridike dhe ekonomiko \u2013 financiare<\/p><\/div>\n<\/div>\n<\/div><\/div>\n\n\n\n<div class=\"wp-block-uagb-container uagb-block-461624b1 alignfull uagb-is-root-container\"><div class=\"uagb-container-inner-blocks-wrap\">\n<div class=\"wp-block-uagb-advanced-heading uagb-block-5310c6a6\"><h2 class=\"uagb-heading-text\"><strong>Bordi i Drejtor\u00ebve<\/strong><\/h2><\/div>\n<\/div><\/div>\n\n\n\n<div class=\"wp-block-uagb-container uagb-block-f0727833 alignfull uagb-is-root-container\"><div class=\"uagb-container-inner-blocks-wrap\">\n<div class=\"wp-block-uagb-container uagb-block-304bf19b\">\n<div class=\"wp-block-uagb-advanced-heading uagb-block-9e6c7b94\"><h3 class=\"uagb-heading-text\">Shouqet Resulbegu\u200b<\/h3><p class=\"uagb-desc-text\">Kryetar i Bordit t\u00eb Drejtor\u00ebve<\/p><\/div>\n<\/div>\n\n\n\n<div class=\"wp-block-uagb-container uagb-block-a4f15239\">\n<div class=\"wp-block-uagb-advanced-heading uagb-block-94b0eb58\"><h2 class=\"uagb-heading-text\">Ognjen Vuk\u010devi\u0107<\/h2><p class=\"uagb-desc-text\">An\u00ebtar i Bordit t\u00eb Drejtor\u00ebve<\/p><\/div>\n<\/div>\n\n\n\n<div class=\"wp-block-uagb-container uagb-block-61a3c305\">\n<div class=\"wp-block-uagb-advanced-heading uagb-block-a6af3109\"><h2 class=\"uagb-heading-text\">Aladin Kolari<\/h2><p class=\"uagb-desc-text\">An\u00ebtar i Bordit t\u00eb Drejtor\u00ebve<\/p><\/div>\n<\/div>\n<\/div><\/div>\n\n\n\n<p class=\"\"><\/p>","protected":false},"excerpt":{"rendered":"<p>O nama Osnovan 2019. godine Naziv: DOO Parking servis Ulcinj Sjedi\u0161te: Bulevar \u0110. K. Skenderbeg PIB: 03257380 PDV: 82\/31-02197-4 \u0160ifra djelatnosti: 5221 \u2013 uslu\u017ene djelatnosti u kopnenom saobra\u0107aju \u017diro ra\u010duni:540-10510-43 ERSTE BANKA530-166890-57 NLB MONTENEGRO BANKA520-18298-83 HIPOTEKARNA BANKA Menad\u017ement Arsim Cuca V.D. Izvr\u0161nog direktora Suad \u0110elovi\u0107 Rukovodilac slu\u017ebe javnih parkirali\u0161ta i gara\u017ea Samira Beci Rukovoditeljka sektora [&hellip;]<\/p>\n","protected":false},"author":3,"featured_media":0,"parent":0,"menu_order":0,"comment_status":"closed","ping_status":"closed","template":"","meta":{"_uag_custom_page_level_css":"","site-sidebar-layout":"no-sidebar","site-content-layout":"plain-container","ast-site-content-layout":"normal-width-container","site-content-style":"unboxed","site-sidebar-style":"unboxed","ast-global-header-display":"","ast-banner-title-visibility":"","ast-main-header-display":"","ast-hfb-above-header-display":"","ast-hfb-below-header-display":"","ast-hfb-mobile-header-display":"","site-post-title":"disabled","ast-breadcrumbs-content":"","ast-featured-img":"disabled","footer-sml-layout":"","ast-disable-related-posts":"","theme-transparent-header-meta":"enabled","adv-header-id-meta":"","stick-header-meta":"","header-above-stick-meta":"","header-main-stick-meta":"","header-below-stick-meta":"","astra-migrate-meta-layouts":"set","ast-page-background-enabled":"default","ast-page-background-meta":{"desktop":{"background-color":"","background-image":"","background-repeat":"repeat","background-position":"center center","background-size":"auto","background-attachment":"scroll","background-type":"","background-media":"","overlay-type":"","overlay-color":"","overlay-opacity":"","overlay-gradient":""},"tablet":{"background-color":"","background-image":"","background-repeat":"repeat","background-position":"center center","background-size":"auto","background-attachment":"scroll","background-type":"","background-media":"","overlay-type":"","overlay-color":"","overlay-opacity":"","overlay-gradient":""},"mobile":{"background-color":"","background-image":"","background-repeat":"repeat","background-position":"center center","background-size":"auto","background-attachment":"scroll","background-type":"","background-media":"","overlay-type":"","overlay-color":"","overlay-opacity":"","overlay-gradient":""}},"ast-content-background-meta":{"desktop":{"background-color":"var(--ast-global-color-5)","background-image":"","background-repeat":"repeat","background-position":"center center","background-size":"auto","background-attachment":"scroll","background-type":"","background-media":"","overlay-type":"","overlay-color":"","overlay-opacity":"","overlay-gradient":""},"tablet":{"background-color":"var(--ast-global-color-5)","background-image":"","background-repeat":"repeat","background-position":"center center","background-size":"auto","background-attachment":"scroll","background-type":"","background-media":"","overlay-type":"","overlay-color":"","overlay-opacity":"","overlay-gradient":""},"mobile":{"background-color":"var(--ast-global-color-5)","background-image":"","background-repeat":"repeat","background-position":"center center","background-size":"auto","background-attachment":"scroll","background-type":"","background-media":"","overlay-type":"","overlay-color":"","overlay-opacity":"","overlay-gradient":""}},"footnotes":""},"class_list":["post-218","page","type-page","status-publish","hentry"],"yoast_head":"<!-- This site is optimized with the Yoast SEO plugin v27.5 - https:\/\/yoast.com\/product\/yoast-seo-wordpress\/ -->\n<title>O nama - Parking servis Ulcinj<\/title>\n<meta name=\"description\" content=\"Saznajte vi\u0161e o DOO Parking servis Ulcinj \u2013 javnom preduze\u0107u zadu\u017eenom za upravljanje, odr\u017eavanje i naplatu javnih parkirali\u0161ta i gara\u017ea u op\u0161tini Ulcinj.\" \/>\n<meta name=\"robots\" content=\"index, follow, max-snippet:-1, max-image-preview:large, max-video-preview:-1\" \/>\n<link rel=\"canonical\" href=\"https:\/\/parkingservisulcinj.me\/shq\/o-nama\/\" \/>\n<meta property=\"og:locale\" content=\"sq_AL\" \/>\n<meta property=\"og:type\" content=\"article\" \/>\n<meta property=\"og:title\" content=\"O nama - Parking servis Ulcinj\" \/>\n<meta property=\"og:description\" content=\"Saznajte vi\u0161e o DOO Parking servis Ulcinj \u2013 javnom preduze\u0107u zadu\u017eenom za upravljanje, odr\u017eavanje i naplatu javnih parkirali\u0161ta i gara\u017ea u op\u0161tini Ulcinj.\" \/>\n<meta property=\"og:url\" content=\"https:\/\/parkingservisulcinj.me\/shq\/o-nama\/\" \/>\n<meta property=\"og:site_name\" content=\"Parking servis Ulcinj\" \/>\n<meta property=\"article:publisher\" content=\"https:\/\/www.facebook.com\/people\/Parking-servis-UlcinjUlqin\/100085605153965\/\" \/>\n<meta property=\"article:modified_time\" content=\"2025-04-15T20:45:21+00:00\" \/>\n<meta property=\"og:image\" content=\"https:\/\/parkingservisulcinj.me\/wp-content\/uploads\/2024\/04\/Suad-Djelovic.jpg\" \/>\n\t<meta property=\"og:image:width\" content=\"1068\" \/>\n\t<meta property=\"og:image:height\" content=\"1600\" \/>\n\t<meta property=\"og:image:type\" content=\"image\/jpeg\" \/>\n<meta name=\"twitter:card\" content=\"summary_large_image\" \/>\n<meta name=\"twitter:label1\" content=\"Est. reading time\" \/>\n\t<meta name=\"twitter:data1\" content=\"2 minuta\" \/>\n<script type=\"application\/ld+json\" class=\"yoast-schema-graph\">{\"@context\":\"https:\\\/\\\/schema.org\",\"@graph\":[{\"@type\":\"WebPage\",\"@id\":\"https:\\\/\\\/parkingservisulcinj.me\\\/o-nama\\\/\",\"url\":\"https:\\\/\\\/parkingservisulcinj.me\\\/o-nama\\\/\",\"name\":\"O nama - Parking servis Ulcinj\",\"isPartOf\":{\"@id\":\"https:\\\/\\\/bqy.twj.mybluehost.me\\\/website_177d2ba3\\\/#website\"},\"primaryImageOfPage\":{\"@id\":\"https:\\\/\\\/parkingservisulcinj.me\\\/o-nama\\\/#primaryimage\"},\"image\":{\"@id\":\"https:\\\/\\\/parkingservisulcinj.me\\\/o-nama\\\/#primaryimage\"},\"thumbnailUrl\":\"https:\\\/\\\/parkingservisulcinj.me\\\/wp-content\\\/uploads\\\/2024\\\/04\\\/Suad-Djelovic.jpg\",\"datePublished\":\"2020-05-12T03:43:04+00:00\",\"dateModified\":\"2025-04-15T20:45:21+00:00\",\"description\":\"Saznajte vi\u0161e o DOO Parking servis Ulcinj \u2013 javnom preduze\u0107u zadu\u017eenom za upravljanje, odr\u017eavanje i naplatu javnih parkirali\u0161ta i gara\u017ea u op\u0161tini Ulcinj.\",\"breadcrumb\":{\"@id\":\"https:\\\/\\\/parkingservisulcinj.me\\\/o-nama\\\/#breadcrumb\"},\"inLanguage\":\"sq\",\"potentialAction\":[{\"@type\":\"ReadAction\",\"target\":[\"https:\\\/\\\/parkingservisulcinj.me\\\/o-nama\\\/\"]}]},{\"@type\":\"ImageObject\",\"inLanguage\":\"sq\",\"@id\":\"https:\\\/\\\/parkingservisulcinj.me\\\/o-nama\\\/#primaryimage\",\"url\":\"https:\\\/\\\/parkingservisulcinj.me\\\/wp-content\\\/uploads\\\/2024\\\/04\\\/Suad-Djelovic.jpg\",\"contentUrl\":\"https:\\\/\\\/parkingservisulcinj.me\\\/wp-content\\\/uploads\\\/2024\\\/04\\\/Suad-Djelovic.jpg\"},{\"@type\":\"BreadcrumbList\",\"@id\":\"https:\\\/\\\/parkingservisulcinj.me\\\/o-nama\\\/#breadcrumb\",\"itemListElement\":[{\"@type\":\"ListItem\",\"position\":1,\"name\":\"Home\",\"item\":\"https:\\\/\\\/parkingservisulcinj.me\\\/\"},{\"@type\":\"ListItem\",\"position\":2,\"name\":\"O nama\"}]},{\"@type\":\"WebSite\",\"@id\":\"https:\\\/\\\/bqy.twj.mybluehost.me\\\/website_177d2ba3\\\/#website\",\"url\":\"https:\\\/\\\/bqy.twj.mybluehost.me\\\/website_177d2ba3\\\/\",\"name\":\"Parking servis Ulcinj\",\"description\":\"Upravljanje, kori&scaron;\u0107enje i odr\u017eavanje javnih parkirali&scaron;ta i gara\u017ea op&scaron;tine Ulcinj.\",\"publisher\":{\"@id\":\"https:\\\/\\\/bqy.twj.mybluehost.me\\\/website_177d2ba3\\\/#organization\"},\"potentialAction\":[{\"@type\":\"SearchAction\",\"target\":{\"@type\":\"EntryPoint\",\"urlTemplate\":\"https:\\\/\\\/bqy.twj.mybluehost.me\\\/website_177d2ba3\\\/?s={search_term_string}\"},\"query-input\":{\"@type\":\"PropertyValueSpecification\",\"valueRequired\":true,\"valueName\":\"search_term_string\"}}],\"inLanguage\":\"sq\"},{\"@type\":\"Organization\",\"@id\":\"https:\\\/\\\/bqy.twj.mybluehost.me\\\/website_177d2ba3\\\/#organization\",\"name\":\"Parking servis Ulcinj\",\"url\":\"https:\\\/\\\/bqy.twj.mybluehost.me\\\/website_177d2ba3\\\/\",\"logo\":{\"@type\":\"ImageObject\",\"inLanguage\":\"sq\",\"@id\":\"https:\\\/\\\/bqy.twj.mybluehost.me\\\/website_177d2ba3\\\/#\\\/schema\\\/logo\\\/image\\\/\",\"url\":\"https:\\\/\\\/parkingservisulcinj.me\\\/wp-content\\\/uploads\\\/2024\\\/02\\\/parking-servis-logo.png\",\"contentUrl\":\"https:\\\/\\\/parkingservisulcinj.me\\\/wp-content\\\/uploads\\\/2024\\\/02\\\/parking-servis-logo.png\",\"width\":143,\"height\":159,\"caption\":\"Parking servis Ulcinj\"},\"image\":{\"@id\":\"https:\\\/\\\/bqy.twj.mybluehost.me\\\/website_177d2ba3\\\/#\\\/schema\\\/logo\\\/image\\\/\"},\"sameAs\":[\"https:\\\/\\\/www.facebook.com\\\/people\\\/Parking-servis-UlcinjUlqin\\\/100085605153965\\\/\",\"https:\\\/\\\/www.instagram.com\\\/parkingservis.ulcinj\\\/\"]}]}<\/script>\n<!-- \/ Yoast SEO plugin. -->","yoast_head_json":{"title":"O nama - Parking servis Ulcinj","description":"Saznajte vi\u0161e o DOO Parking servis Ulcinj \u2013 javnom preduze\u0107u zadu\u017eenom za upravljanje, odr\u017eavanje i naplatu javnih parkirali\u0161ta i gara\u017ea u op\u0161tini Ulcinj.","robots":{"index":"index","follow":"follow","max-snippet":"max-snippet:-1","max-image-preview":"max-image-preview:large","max-video-preview":"max-video-preview:-1"},"canonical":"https:\/\/parkingservisulcinj.me\/shq\/o-nama\/","og_locale":"sq_AL","og_type":"article","og_title":"O nama - Parking servis Ulcinj","og_description":"Saznajte vi\u0161e o DOO Parking servis Ulcinj \u2013 javnom preduze\u0107u zadu\u017eenom za upravljanje, odr\u017eavanje i naplatu javnih parkirali\u0161ta i gara\u017ea u op\u0161tini Ulcinj.","og_url":"https:\/\/parkingservisulcinj.me\/shq\/o-nama\/","og_site_name":"Parking servis Ulcinj","article_publisher":"https:\/\/www.facebook.com\/people\/Parking-servis-UlcinjUlqin\/100085605153965\/","article_modified_time":"2025-04-15T20:45:21+00:00","og_image":[{"width":1068,"height":1600,"url":"https:\/\/parkingservisulcinj.me\/wp-content\/uploads\/2024\/04\/Suad-Djelovic.jpg","type":"image\/jpeg"}],"twitter_card":"summary_large_image","twitter_misc":{"Est. reading time":"2 minuta"},"schema":{"@context":"https:\/\/schema.org","@graph":[{"@type":"WebPage","@id":"https:\/\/parkingservisulcinj.me\/o-nama\/","url":"https:\/\/parkingservisulcinj.me\/o-nama\/","name":"O nama - Parking servis Ulcinj","isPartOf":{"@id":"https:\/\/bqy.twj.mybluehost.me\/website_177d2ba3\/#website"},"primaryImageOfPage":{"@id":"https:\/\/parkingservisulcinj.me\/o-nama\/#primaryimage"},"image":{"@id":"https:\/\/parkingservisulcinj.me\/o-nama\/#primaryimage"},"thumbnailUrl":"https:\/\/parkingservisulcinj.me\/wp-content\/uploads\/2024\/04\/Suad-Djelovic.jpg","datePublished":"2020-05-12T03:43:04+00:00","dateModified":"2025-04-15T20:45:21+00:00","description":"Saznajte vi\u0161e o DOO Parking servis Ulcinj \u2013 javnom preduze\u0107u zadu\u017eenom za upravljanje, odr\u017eavanje i naplatu javnih parkirali\u0161ta i gara\u017ea u op\u0161tini Ulcinj.","breadcrumb":{"@id":"https:\/\/parkingservisulcinj.me\/o-nama\/#breadcrumb"},"inLanguage":"sq","potentialAction":[{"@type":"ReadAction","target":["https:\/\/parkingservisulcinj.me\/o-nama\/"]}]},{"@type":"ImageObject","inLanguage":"sq","@id":"https:\/\/parkingservisulcinj.me\/o-nama\/#primaryimage","url":"https:\/\/parkingservisulcinj.me\/wp-content\/uploads\/2024\/04\/Suad-Djelovic.jpg","contentUrl":"https:\/\/parkingservisulcinj.me\/wp-content\/uploads\/2024\/04\/Suad-Djelovic.jpg"},{"@type":"BreadcrumbList","@id":"https:\/\/parkingservisulcinj.me\/o-nama\/#breadcrumb","itemListElement":[{"@type":"ListItem","position":1,"name":"Home","item":"https:\/\/parkingservisulcinj.me\/"},{"@type":"ListItem","position":2,"name":"O nama"}]},{"@type":"WebSite","@id":"https:\/\/bqy.twj.mybluehost.me\/website_177d2ba3\/#website","url":"https:\/\/bqy.twj.mybluehost.me\/website_177d2ba3\/","name":"SHPK Parking sh\u00ebrbimi Ulqin","description":"Upravljanje, kori&scaron;\u0107enje i odr\u017eavanje javnih parkirali&scaron;ta i gara\u017ea op&scaron;tine Ulcinj.","publisher":{"@id":"https:\/\/bqy.twj.mybluehost.me\/website_177d2ba3\/#organization"},"potentialAction":[{"@type":"SearchAction","target":{"@type":"EntryPoint","urlTemplate":"https:\/\/bqy.twj.mybluehost.me\/website_177d2ba3\/?s={search_term_string}"},"query-input":{"@type":"PropertyValueSpecification","valueRequired":true,"valueName":"search_term_string"}}],"inLanguage":"sq"},{"@type":"Organization","@id":"https:\/\/bqy.twj.mybluehost.me\/website_177d2ba3\/#organization","name":"SHPK Parking sh\u00ebrbimi Ulqin","url":"https:\/\/bqy.twj.mybluehost.me\/website_177d2ba3\/","logo":{"@type":"ImageObject","inLanguage":"sq","@id":"https:\/\/bqy.twj.mybluehost.me\/website_177d2ba3\/#\/schema\/logo\/image\/","url":"https:\/\/parkingservisulcinj.me\/wp-content\/uploads\/2024\/02\/parking-servis-logo.png","contentUrl":"https:\/\/parkingservisulcinj.me\/wp-content\/uploads\/2024\/02\/parking-servis-logo.png","width":143,"height":159,"caption":"Parking servis Ulcinj"},"image":{"@id":"https:\/\/bqy.twj.mybluehost.me\/website_177d2ba3\/#\/schema\/logo\/image\/"},"sameAs":["https:\/\/www.facebook.com\/people\/Parking-servis-UlcinjUlqin\/100085605153965\/","https:\/\/www.instagram.com\/parkingservis.ulcinj\/"]}]}},"uagb_featured_image_src":{"full":false,"thumbnail":false,"medium":false,"medium_large":false,"large":false,"1536x1536":false,"2048x2048":false,"trp-custom-language-flag":false},"uagb_author_info":{"display_name":"Samira Beci","author_link":"https:\/\/parkingservisulcinj.me\/shq\/author\/admin-parking-servis\/"},"uagb_comment_info":0,"uagb_excerpt":"O nama Osnovan 2019. godine Naziv: DOO Parking servis Ulcinj Sjedi\u0161te: Bulevar \u0110. K. Skenderbeg PIB: 03257380 PDV: 82\/31-02197-4 \u0160ifra djelatnosti: 5221 \u2013 uslu\u017ene djelatnosti u kopnenom saobra\u0107aju \u017diro ra\u010duni:540-10510-43 ERSTE BANKA530-166890-57 NLB MONTENEGRO BANKA520-18298-83 HIPOTEKARNA BANKA Menad\u017ement Arsim Cuca V.D. Izvr\u0161nog direktora Suad \u0110elovi\u0107 Rukovodilac slu\u017ebe javnih parkirali\u0161ta i gara\u017ea Samira Beci Rukovoditeljka sektora&hellip;","_links":{"self":[{"href":"https:\/\/parkingservisulcinj.me\/shq\/wp-json\/wp\/v2\/pages\/218","targetHints":{"allow":["GET"]}}],"collection":[{"href":"https:\/\/parkingservisulcinj.me\/shq\/wp-json\/wp\/v2\/pages"}],"about":[{"href":"https:\/\/parkingservisulcinj.me\/shq\/wp-json\/wp\/v2\/types\/page"}],"author":[{"embeddable":true,"href":"https:\/\/parkingservisulcinj.me\/shq\/wp-json\/wp\/v2\/users\/3"}],"replies":[{"embeddable":true,"href":"https:\/\/parkingservisulcinj.me\/shq\/wp-json\/wp\/v2\/comments?post=218"}],"version-history":[{"count":3,"href":"https:\/\/parkingservisulcinj.me\/shq\/wp-json\/wp\/v2\/pages\/218\/revisions"}],"predecessor-version":[{"id":1776,"href":"https:\/\/parkingservisulcinj.me\/shq\/wp-json\/wp\/v2\/pages\/218\/revisions\/1776"}],"wp:attachment":[{"href":"https:\/\/parkingservisulcinj.me\/shq\/wp-json\/wp\/v2\/media?parent=218"}],"curies":[{"name":"wp","href":"https:\/\/api.w.org\/{rel}","templated":true}]}}