{"id":1585,"date":"2024-03-26T19:32:05","date_gmt":"2024-03-26T19:32:05","guid":{"rendered":"https:\/\/parkingservisulcinj.me\/?page_id=1585"},"modified":"2025-04-15T20:40:48","modified_gmt":"2025-04-15T20:40:48","slug":"posebna-parkiralista","status":"publish","type":"page","link":"https:\/\/parkingservisulcinj.me\/shq\/posebna-parkiralista\/","title":{"rendered":"Parkingjet e ve\u00e7anta"},"content":{"rendered":"<div class=\"wp-block-uagb-container uagb-block-2f179a9d alignfull uagb-is-root-container\"><div class=\"uagb-container-inner-blocks-wrap\">\n<div class=\"wp-block-uagb-advanced-heading uagb-block-b63e11bc\"><h1 class=\"uagb-heading-text\">Parkingjet e ve\u00e7anta<\/h1><\/div>\n<\/div><\/div>\n\n\n\n<div class=\"wp-block-uagb-container uagb-block-0452d32b alignfull uagb-is-root-container\"><div class=\"uagb-container-inner-blocks-wrap\">\n<div class=\"wp-block-uagb-container uagb-block-6733f2c0\">\n<div class=\"wp-block-uagb-advanced-heading uagb-block-6a311797\"><h2 class=\"uagb-heading-text\">Lista e parkingjeve<\/h2><\/div>\n\n\n\n<div class=\"wp-block-uagb-icon-list uagb-block-ee60e42a\"><div class=\"uagb-icon-list__wrap\">\n<div class=\"wp-block-uagb-icon-list-child uagb-block-2b036377\"><span class=\"uagb-icon-list__source-wrap\"><svg xmlns=\"https:\/\/www.w3.org\/2000\/svg\" viewbox=\"0 0 256 512\"><path d=\"M256 448c0 17.67-14.33 32-32 32H32c-17.67 0-32-14.33-32-32s14.33-32 32-32h64V123.8L49.75 154.6C35.02 164.5 15.19 160.4 5.375 145.8C-4.422 131.1-.4531 111.2 14.25 101.4l96-64c9.828-6.547 22.45-7.187 32.84-1.594C153.5 41.37 160 52.22 160 64.01v352h64C241.7 416 256 430.3 256 448z\"><\/path><\/svg><\/span><span class=\"uagb-icon-list__label\">Parkim i rregulluar n\u00eb plazh t\u00eb vogel (p\u00ebrball\u00eb Xhamis\u00eb s\u00eb Detar\u00ebve).<\/span><\/div>\n\n\n\n<div class=\"wp-block-uagb-icon-list-child uagb-block-336e1ab5\"><span class=\"uagb-icon-list__source-wrap\"><svg xmlns=\"https:\/\/www.w3.org\/2000\/svg\" viewbox=\"0 0 320 512\"><path d=\"M320 448c0 17.67-14.33 32-32 32H32c-13.08 0-24.83-7.953-29.7-20.09c-4.859-12.12-1.859-26 7.594-35.03l193.6-185.1c31.36-30.17 33.95-80 5.812-113.4c-14.91-17.69-35.86-28.12-58.97-29.38C127.4 95.83 105.3 103.9 88.53 119.9L53.52 151.7c-13.08 11.91-33.33 10.89-45.2-2.172C-3.563 136.5-2.594 116.2 10.48 104.3l34.45-31.3c28.67-27.34 68.39-42.11 108.9-39.88c40.33 2.188 78.39 21.16 104.4 52.03c49.8 59.05 45.2 147.3-10.45 200.8l-136 130H288C305.7 416 320 430.3 320 448z\"><\/path><\/svg><\/span><span class=\"uagb-icon-list__label\">Parkim i paorganizuar n\u00ebn platon \"Plo\u00e7a\" (n\u00eb katin p\u00ebrdhes) ngjitur me rrug\u00ebn \"Cafo Begu\".<\/span><\/div>\n\n\n\n<div class=\"wp-block-uagb-icon-list-child uagb-block-fc42b35b\"><span class=\"uagb-icon-list__source-wrap\"><svg xmlns=\"https:\/\/www.w3.org\/2000\/svg\" viewbox=\"0 0 320 512\"><path d=\"M320 344c0 74.98-61.02 136-136 136H103.6c-46.34 0-87.31-29.53-101.1-73.48c-5.594-16.77 3.484-34.88 20.25-40.47c16.75-5.609 34.89 3.484 40.47 20.25c5.922 17.77 22.48 29.7 41.23 29.7H184c39.7 0 72-32.3 72-72s-32.3-72-72-72H80c-13.2 0-25.05-8.094-29.83-20.41C45.39 239.3 48.66 225.3 58.38 216.4l131.4-120.4H32c-17.67 0-32-14.33-32-32s14.33-32 32-32h240c13.2 0 25.05 8.094 29.83 20.41c4.781 12.3 1.516 26.27-8.203 35.19l-131.4 120.4H184C258.1 208 320 269 320 344z\"><\/path><\/svg><\/span><span class=\"uagb-icon-list__label\">Parking i paorganizuar n\u00ebn muret e qytetit t\u00eb vjet\u00ebr, n\u00eb an\u00ebn veriore, p\u00ebrball\u00eb SH.F. \"B. Strugar\".<\/span><\/div>\n\n\n\n<div class=\"wp-block-uagb-icon-list-child uagb-block-7471714f\"><span class=\"uagb-icon-list__source-wrap\"><svg xmlns=\"https:\/\/www.w3.org\/2000\/svg\" viewbox=\"0 0 384 512\"><path d=\"M384 334.2c0 17.67-14.33 32-32 32h-32v81.78c0 17.67-14.33 32-32 32s-32-14.33-32-32v-81.78H32c-10.97 0-21.17-5.625-27.05-14.89c-5.859-9.266-6.562-20.89-1.875-30.81l128-270.2C138.6 34.33 157.8 27.56 173.7 35.09c15.97 7.562 22.78 26.66 15.22 42.63L82.56 302.2H256V160c0-17.67 14.33-32 32-32s32 14.33 32 32v142.2h32C369.7 302.2 384 316.6 384 334.2z\"><\/path><\/svg><\/span><span class=\"uagb-icon-list__label\">Parkim i rregulluar n\u00eb platon, ngjitur me rrug\u00ebn \"Kosovska\" (Pinje\u0161 matan\u00eb rrug\u00ebs nga restoranti Montana).<\/span><\/div>\n\n\n\n<div class=\"wp-block-uagb-icon-list-child uagb-block-596f0449\"><span class=\"uagb-icon-list__source-wrap\"><svg xmlns=\"https:\/\/www.w3.org\/2000\/svg\" viewbox=\"0 0 320 512\"><path d=\"M320 344.6c0 74.66-60.73 135.4-135.4 135.4H104.7c-46.81 0-88.22-29.83-103-74.23c-5.594-16.77 3.469-34.89 20.23-40.48c16.83-5.625 34.91 3.469 40.48 20.23c6.078 18.23 23.08 30.48 42.3 30.48h79.95c39.36 0 71.39-32.03 71.39-71.39s-32.03-71.38-71.39-71.38H32c-9.484 0-18.47-4.203-24.56-11.48C1.359 254.5-1.172 244.9 .5156 235.6l32-177.2C35.27 43.09 48.52 32.01 64 32.01l192 .0049c17.67 0 32 14.33 32 32s-14.33 32-32 32H90.73L70.3 209.2h114.3C259.3 209.2 320 269.1 320 344.6z\"><\/path><\/svg><\/span><span class=\"uagb-icon-list__label\">Parkim i paorganizuar n\u00eb platon, gjat\u00ebsore n\u00eb krahun e djatht\u00eb ngjitur me bulevardin \"Teuta\", n\u00eb drejtim t\u00eb ur\u00ebs \"Teuta\" n\u00eb pjes\u00ebn e mbetur t\u00eb sip\u00ebrfaqes s\u00eb vjet\u00ebr t\u00eb gushtit t\u00eb hersh\u00ebm n\u00eb vendbanimin Gjerane.<\/span><\/div>\n\n\n\n<div class=\"wp-block-uagb-icon-list-child uagb-block-660d6468\"><span class=\"uagb-icon-list__source-wrap\"><svg xmlns=\"https:\/\/www.w3.org\/2000\/svg\" viewbox=\"0 0 320 512\"><path d=\"M167.7 160.8l64.65-76.06c11.47-13.45 9.812-33.66-3.656-45.09C222.7 34.51 215.3 32.01 208 32.01c-9.062 0-18.06 3.833-24.38 11.29C38.07 214.5 0 245.5 0 320c0 88.22 71.78 160 160 160s160-71.78 160-160C320 234.4 252.3 164.9 167.7 160.8zM160 416c-52.94 0-96-43.06-96-96s43.06-95.1 96-95.1s96 43.06 96 95.1S212.9 416 160 416z\"><\/path><\/svg><\/span><span class=\"uagb-icon-list__label\">Vend parkimi (i rregulluar) ne qender te Shtojit.<\/span><\/div>\n<\/div><\/div>\n<\/div>\n\n\n\n<div class=\"wp-block-uagb-container uagb-block-3c2aa714\">\n<iframe loading=\"lazy\" src=\"https:\/\/www.google.com\/maps\/d\/embed?mid=1R-hkHbCzOPd3fCueEI3riCR5sf-iokg&#038;ehbc=2E312F&#038;noprof=1\" width=\"500\" height=\"400\"><\/iframe>\n<\/div>\n<\/div><\/div>","protected":false},"excerpt":{"rendered":"<p>Posebna parkirali\u0161ta Lista parkirali\u0161ta<\/p>","protected":false},"author":3,"featured_media":0,"parent":0,"menu_order":0,"comment_status":"closed","ping_status":"closed","template":"","meta":{"_uag_custom_page_level_css":"","site-sidebar-layout":"no-sidebar","site-content-layout":"plain-container","ast-site-content-layout":"normal-width-container","site-content-style":"unboxed","site-sidebar-style":"unboxed","ast-global-header-display":"","ast-banner-title-visibility":"","ast-main-header-display":"","ast-hfb-above-header-display":"","ast-hfb-below-header-display":"","ast-hfb-mobile-header-display":"","site-post-title":"disabled","ast-breadcrumbs-content":"","ast-featured-img":"","footer-sml-layout":"","ast-disable-related-posts":"","theme-transparent-header-meta":"enabled","adv-header-id-meta":"","stick-header-meta":"","header-above-stick-meta":"","header-main-stick-meta":"","header-below-stick-meta":"","astra-migrate-meta-layouts":"set","ast-page-background-enabled":"default","ast-page-background-meta":{"desktop":{"background-color":"","background-image":"","background-repeat":"repeat","background-position":"center center","background-size":"auto","background-attachment":"scroll","background-type":"","background-media":"","overlay-type":"","overlay-color":"","overlay-opacity":"","overlay-gradient":""},"tablet":{"background-color":"","background-image":"","background-repeat":"repeat","background-position":"center center","background-size":"auto","background-attachment":"scroll","background-type":"","background-media":"","overlay-type":"","overlay-color":"","overlay-opacity":"","overlay-gradient":""},"mobile":{"background-color":"","background-image":"","background-repeat":"repeat","background-position":"center center","background-size":"auto","background-attachment":"scroll","background-type":"","background-media":"","overlay-type":"","overlay-color":"","overlay-opacity":"","overlay-gradient":""}},"ast-content-background-meta":{"desktop":{"background-color":"var(--ast-global-color-5)","background-image":"","background-repeat":"repeat","background-position":"center center","background-size":"auto","background-attachment":"scroll","background-type":"","background-media":"","overlay-type":"","overlay-color":"","overlay-opacity":"","overlay-gradient":""},"tablet":{"background-color":"var(--ast-global-color-5)","background-image":"","background-repeat":"repeat","background-position":"center center","background-size":"auto","background-attachment":"scroll","background-type":"","background-media":"","overlay-type":"","overlay-color":"","overlay-opacity":"","overlay-gradient":""},"mobile":{"background-color":"var(--ast-global-color-5)","background-image":"","background-repeat":"repeat","background-position":"center center","background-size":"auto","background-attachment":"scroll","background-type":"","background-media":"","overlay-type":"","overlay-color":"","overlay-opacity":"","overlay-gradient":""}},"footnotes":""},"class_list":["post-1585","page","type-page","status-publish","hentry"],"yoast_head":"<!-- This site is optimized with the Yoast SEO plugin v27.5 - https:\/\/yoast.com\/product\/yoast-seo-wordpress\/ -->\n<title>Posebna parkirali\u0161ta - Parking servis Ulcinj<\/title>\n<meta name=\"description\" content=\"Saznajte vi\u0161e o posebnim parkirali\u0161tima Parking Servisa Ulcinj, uklju\u010duju\u0107i rezervisana mjesta i specijalne parking zone sa posebnim uslovima kori\u0161\u0107enja.\" \/>\n<meta name=\"robots\" content=\"index, follow, max-snippet:-1, max-image-preview:large, max-video-preview:-1\" \/>\n<link rel=\"canonical\" href=\"https:\/\/parkingservisulcinj.me\/shq\/posebna-parkiralista\/\" \/>\n<meta property=\"og:locale\" content=\"sq_AL\" \/>\n<meta property=\"og:type\" content=\"article\" \/>\n<meta property=\"og:title\" content=\"Posebna parkirali\u0161ta - Parking servis Ulcinj\" \/>\n<meta property=\"og:description\" content=\"Saznajte vi\u0161e o posebnim parkirali\u0161tima Parking Servisa Ulcinj, uklju\u010duju\u0107i rezervisana mjesta i specijalne parking zone sa posebnim uslovima kori\u0161\u0107enja.\" \/>\n<meta property=\"og:url\" content=\"https:\/\/parkingservisulcinj.me\/shq\/posebna-parkiralista\/\" \/>\n<meta property=\"og:site_name\" content=\"Parking servis Ulcinj\" \/>\n<meta property=\"article:publisher\" content=\"https:\/\/www.facebook.com\/people\/Parking-servis-UlcinjUlqin\/100085605153965\/\" \/>\n<meta property=\"article:modified_time\" content=\"2025-04-15T20:40:48+00:00\" \/>\n<meta name=\"twitter:card\" content=\"summary_large_image\" \/>\n<meta name=\"twitter:label1\" content=\"Est. reading time\" \/>\n\t<meta name=\"twitter:data1\" content=\"1 minut\u00eb\" \/>\n<script type=\"application\/ld+json\" class=\"yoast-schema-graph\">{\"@context\":\"https:\\\/\\\/schema.org\",\"@graph\":[{\"@type\":\"WebPage\",\"@id\":\"https:\\\/\\\/parkingservisulcinj.me\\\/posebna-parkiralista\\\/\",\"url\":\"https:\\\/\\\/parkingservisulcinj.me\\\/posebna-parkiralista\\\/\",\"name\":\"Posebna parkirali\u0161ta - Parking servis Ulcinj\",\"isPartOf\":{\"@id\":\"https:\\\/\\\/bqy.twj.mybluehost.me\\\/website_177d2ba3\\\/#website\"},\"datePublished\":\"2024-03-26T19:32:05+00:00\",\"dateModified\":\"2025-04-15T20:40:48+00:00\",\"description\":\"Saznajte vi\u0161e o posebnim parkirali\u0161tima Parking Servisa Ulcinj, uklju\u010duju\u0107i rezervisana mjesta i specijalne parking zone sa posebnim uslovima kori\u0161\u0107enja.\",\"breadcrumb\":{\"@id\":\"https:\\\/\\\/parkingservisulcinj.me\\\/posebna-parkiralista\\\/#breadcrumb\"},\"inLanguage\":\"sq\",\"potentialAction\":[{\"@type\":\"ReadAction\",\"target\":[\"https:\\\/\\\/parkingservisulcinj.me\\\/posebna-parkiralista\\\/\"]}]},{\"@type\":\"BreadcrumbList\",\"@id\":\"https:\\\/\\\/parkingservisulcinj.me\\\/posebna-parkiralista\\\/#breadcrumb\",\"itemListElement\":[{\"@type\":\"ListItem\",\"position\":1,\"name\":\"Home\",\"item\":\"https:\\\/\\\/parkingservisulcinj.me\\\/\"},{\"@type\":\"ListItem\",\"position\":2,\"name\":\"Posebna parkirali\u0161ta\"}]},{\"@type\":\"WebSite\",\"@id\":\"https:\\\/\\\/bqy.twj.mybluehost.me\\\/website_177d2ba3\\\/#website\",\"url\":\"https:\\\/\\\/bqy.twj.mybluehost.me\\\/website_177d2ba3\\\/\",\"name\":\"Parking servis Ulcinj\",\"description\":\"Upravljanje, kori&scaron;\u0107enje i odr\u017eavanje javnih parkirali&scaron;ta i gara\u017ea op&scaron;tine Ulcinj.\",\"publisher\":{\"@id\":\"https:\\\/\\\/bqy.twj.mybluehost.me\\\/website_177d2ba3\\\/#organization\"},\"potentialAction\":[{\"@type\":\"SearchAction\",\"target\":{\"@type\":\"EntryPoint\",\"urlTemplate\":\"https:\\\/\\\/bqy.twj.mybluehost.me\\\/website_177d2ba3\\\/?s={search_term_string}\"},\"query-input\":{\"@type\":\"PropertyValueSpecification\",\"valueRequired\":true,\"valueName\":\"search_term_string\"}}],\"inLanguage\":\"sq\"},{\"@type\":\"Organization\",\"@id\":\"https:\\\/\\\/bqy.twj.mybluehost.me\\\/website_177d2ba3\\\/#organization\",\"name\":\"Parking servis Ulcinj\",\"url\":\"https:\\\/\\\/bqy.twj.mybluehost.me\\\/website_177d2ba3\\\/\",\"logo\":{\"@type\":\"ImageObject\",\"inLanguage\":\"sq\",\"@id\":\"https:\\\/\\\/bqy.twj.mybluehost.me\\\/website_177d2ba3\\\/#\\\/schema\\\/logo\\\/image\\\/\",\"url\":\"https:\\\/\\\/parkingservisulcinj.me\\\/wp-content\\\/uploads\\\/2024\\\/02\\\/parking-servis-logo.png\",\"contentUrl\":\"https:\\\/\\\/parkingservisulcinj.me\\\/wp-content\\\/uploads\\\/2024\\\/02\\\/parking-servis-logo.png\",\"width\":143,\"height\":159,\"caption\":\"Parking servis Ulcinj\"},\"image\":{\"@id\":\"https:\\\/\\\/bqy.twj.mybluehost.me\\\/website_177d2ba3\\\/#\\\/schema\\\/logo\\\/image\\\/\"},\"sameAs\":[\"https:\\\/\\\/www.facebook.com\\\/people\\\/Parking-servis-UlcinjUlqin\\\/100085605153965\\\/\",\"https:\\\/\\\/www.instagram.com\\\/parkingservis.ulcinj\\\/\"]}]}<\/script>\n<!-- \/ Yoast SEO plugin. -->","yoast_head_json":{"title":"Posebna parkirali\u0161ta - Parking servis Ulcinj","description":"Saznajte vi\u0161e o posebnim parkirali\u0161tima Parking Servisa Ulcinj, uklju\u010duju\u0107i rezervisana mjesta i specijalne parking zone sa posebnim uslovima kori\u0161\u0107enja.","robots":{"index":"index","follow":"follow","max-snippet":"max-snippet:-1","max-image-preview":"max-image-preview:large","max-video-preview":"max-video-preview:-1"},"canonical":"https:\/\/parkingservisulcinj.me\/shq\/posebna-parkiralista\/","og_locale":"sq_AL","og_type":"article","og_title":"Posebna parkirali\u0161ta - Parking servis Ulcinj","og_description":"Saznajte vi\u0161e o posebnim parkirali\u0161tima Parking Servisa Ulcinj, uklju\u010duju\u0107i rezervisana mjesta i specijalne parking zone sa posebnim uslovima kori\u0161\u0107enja.","og_url":"https:\/\/parkingservisulcinj.me\/shq\/posebna-parkiralista\/","og_site_name":"Parking servis Ulcinj","article_publisher":"https:\/\/www.facebook.com\/people\/Parking-servis-UlcinjUlqin\/100085605153965\/","article_modified_time":"2025-04-15T20:40:48+00:00","twitter_card":"summary_large_image","twitter_misc":{"Est. reading time":"1 minut\u00eb"},"schema":{"@context":"https:\/\/schema.org","@graph":[{"@type":"WebPage","@id":"https:\/\/parkingservisulcinj.me\/posebna-parkiralista\/","url":"https:\/\/parkingservisulcinj.me\/posebna-parkiralista\/","name":"Posebna parkirali\u0161ta - Parking servis Ulcinj","isPartOf":{"@id":"https:\/\/bqy.twj.mybluehost.me\/website_177d2ba3\/#website"},"datePublished":"2024-03-26T19:32:05+00:00","dateModified":"2025-04-15T20:40:48+00:00","description":"Saznajte vi\u0161e o posebnim parkirali\u0161tima Parking Servisa Ulcinj, uklju\u010duju\u0107i rezervisana mjesta i specijalne parking zone sa posebnim uslovima kori\u0161\u0107enja.","breadcrumb":{"@id":"https:\/\/parkingservisulcinj.me\/posebna-parkiralista\/#breadcrumb"},"inLanguage":"sq","potentialAction":[{"@type":"ReadAction","target":["https:\/\/parkingservisulcinj.me\/posebna-parkiralista\/"]}]},{"@type":"BreadcrumbList","@id":"https:\/\/parkingservisulcinj.me\/posebna-parkiralista\/#breadcrumb","itemListElement":[{"@type":"ListItem","position":1,"name":"Home","item":"https:\/\/parkingservisulcinj.me\/"},{"@type":"ListItem","position":2,"name":"Posebna parkirali\u0161ta"}]},{"@type":"WebSite","@id":"https:\/\/bqy.twj.mybluehost.me\/website_177d2ba3\/#website","url":"https:\/\/bqy.twj.mybluehost.me\/website_177d2ba3\/","name":"SHPK Parking sh\u00ebrbimi Ulqin","description":"Upravljanje, kori&scaron;\u0107enje i odr\u017eavanje javnih parkirali&scaron;ta i gara\u017ea op&scaron;tine Ulcinj.","publisher":{"@id":"https:\/\/bqy.twj.mybluehost.me\/website_177d2ba3\/#organization"},"potentialAction":[{"@type":"SearchAction","target":{"@type":"EntryPoint","urlTemplate":"https:\/\/bqy.twj.mybluehost.me\/website_177d2ba3\/?s={search_term_string}"},"query-input":{"@type":"PropertyValueSpecification","valueRequired":true,"valueName":"search_term_string"}}],"inLanguage":"sq"},{"@type":"Organization","@id":"https:\/\/bqy.twj.mybluehost.me\/website_177d2ba3\/#organization","name":"SHPK Parking sh\u00ebrbimi Ulqin","url":"https:\/\/bqy.twj.mybluehost.me\/website_177d2ba3\/","logo":{"@type":"ImageObject","inLanguage":"sq","@id":"https:\/\/bqy.twj.mybluehost.me\/website_177d2ba3\/#\/schema\/logo\/image\/","url":"https:\/\/parkingservisulcinj.me\/wp-content\/uploads\/2024\/02\/parking-servis-logo.png","contentUrl":"https:\/\/parkingservisulcinj.me\/wp-content\/uploads\/2024\/02\/parking-servis-logo.png","width":143,"height":159,"caption":"Parking servis Ulcinj"},"image":{"@id":"https:\/\/bqy.twj.mybluehost.me\/website_177d2ba3\/#\/schema\/logo\/image\/"},"sameAs":["https:\/\/www.facebook.com\/people\/Parking-servis-UlcinjUlqin\/100085605153965\/","https:\/\/www.instagram.com\/parkingservis.ulcinj\/"]}]}},"uagb_featured_image_src":{"full":false,"thumbnail":false,"medium":false,"medium_large":false,"large":false,"1536x1536":false,"2048x2048":false,"trp-custom-language-flag":false},"uagb_author_info":{"display_name":"Samira Beci","author_link":"https:\/\/parkingservisulcinj.me\/shq\/author\/admin-parking-servis\/"},"uagb_comment_info":0,"uagb_excerpt":"Posebna parkirali\u0161ta Lista parkirali\u0161ta","_links":{"self":[{"href":"https:\/\/parkingservisulcinj.me\/shq\/wp-json\/wp\/v2\/pages\/1585","targetHints":{"allow":["GET"]}}],"collection":[{"href":"https:\/\/parkingservisulcinj.me\/shq\/wp-json\/wp\/v2\/pages"}],"about":[{"href":"https:\/\/parkingservisulcinj.me\/shq\/wp-json\/wp\/v2\/types\/page"}],"author":[{"embeddable":true,"href":"https:\/\/parkingservisulcinj.me\/shq\/wp-json\/wp\/v2\/users\/3"}],"replies":[{"embeddable":true,"href":"https:\/\/parkingservisulcinj.me\/shq\/wp-json\/wp\/v2\/comments?post=1585"}],"version-history":[{"count":1,"href":"https:\/\/parkingservisulcinj.me\/shq\/wp-json\/wp\/v2\/pages\/1585\/revisions"}],"predecessor-version":[{"id":1795,"href":"https:\/\/parkingservisulcinj.me\/shq\/wp-json\/wp\/v2\/pages\/1585\/revisions\/1795"}],"wp:attachment":[{"href":"https:\/\/parkingservisulcinj.me\/shq\/wp-json\/wp\/v2\/media?parent=1585"}],"curies":[{"name":"wp","href":"https:\/\/api.w.org\/{rel}","templated":true}]}}