{"id":1709,"date":"2024-04-24T22:00:19","date_gmt":"2024-04-24T22:00:19","guid":{"rendered":"https:\/\/parkingservisulcinj.me\/?page_id=1709"},"modified":"2025-04-15T20:43:39","modified_gmt":"2025-04-15T20:43:39","slug":"parking-zone","status":"publish","type":"page","link":"https:\/\/parkingservisulcinj.me\/en\/parking-zone\/","title":{"rendered":"Parking zones"},"content":{"rendered":"<div class=\"wp-block-uagb-container uagb-block-2f179a9d alignfull uagb-is-root-container\"><div class=\"uagb-container-inner-blocks-wrap\">\n<div class=\"wp-block-uagb-advanced-heading uagb-block-b63e11bc\"><h1 class=\"uagb-heading-text\">Parking zones<\/h1><\/div>\n<\/div><\/div>\n\n\n\n<div style=\"height:30px\" aria-hidden=\"true\" class=\"wp-block-spacer\"><\/div>\n\n\n\n<div class=\"wp-block-uagb-advanced-heading uagb-block-4afaf6ee\"><h2 class=\"uagb-heading-text\">Map of parking zones<\/h2><\/div>\n\n\n\n<iframe loading=\"lazy\" src=\"https:\/\/www.google.com\/maps\/d\/embed?mid=1kMyzf64KckpeNuYWzCQBw0WqScXUmbY&#038;ehbc=2E312F&#038;noprof=1\" width=\"1200\" height=\"480\"><\/iframe>\n\n\n\n<div class=\"wp-block-columns is-layout-flex wp-container-core-columns-is-layout-28f84493 wp-block-columns-is-layout-flex\">\n<div class=\"wp-block-column is-layout-flow wp-block-column-is-layout-flow\">\n<div class=\"wp-block-uagb-advanced-heading uagb-block-218c90b9\"><h2 class=\"uagb-heading-text\">Crvena zona<\/h2><\/div>\n\n\n\n<ol class=\"wp-block-list\">\n<li class=\"\">Parking prostor (ure\u0111eni), na dijelu bulevara \u201cMajke Tereze\u201d,<\/li>\n\n\n\n<li class=\"\">Parking prostor (ure\u0111eni), na Bulevaru \u201c\u0110.K. Skenderbeg\u201d,<\/li>\n\n\n\n<li class=\"\">Parking prostor (ure\u0111eni), u ulici \u201cYmer Prizreni\u201d,<\/li>\n\n\n\n<li class=\"\">Parking prostor (ure\u0111eni), u ulici Kadi Hysen Myjali sa lijeve strane do ulice Radovan Zogovi\u0107,<\/li>\n\n\n\n<li class=\"\">Parking prostor (ure\u0111eni), u ulici \u201cA.R.Ulqinaku\u201d od ulice \u201cM.Ulqinaku\u201d do ulice \u201cEdith Durham\u201d,<\/li>\n\n\n\n<li class=\"\">Parking prostor (ure\u0111eni), u ulici \u201cUlcinjski moreplovci\u201d,<\/li>\n\n\n\n<li class=\"\">Parking prostor (ure\u0111eni), u ulici Ulcinjski moreplovci za motocikle,<\/li>\n\n\n\n<li class=\"\">Parking prostor (ure\u0111eni), u ulici \u201cUlcinjski moreplovci\u201d iznad st. ambulante.<\/li>\n\n\n\n<li class=\"\">Parking prostor (ure\u0111eni), pored Bul. \u201c\u0110.K. Skenderbeg\u201d,(Ispred stambenog objekta Prodanovi\u0107).<\/li>\n<\/ol>\n<\/div>\n\n\n\n<div class=\"wp-block-column is-layout-flow wp-block-column-is-layout-flow\">\n<div class=\"wp-block-uagb-advanced-heading uagb-block-d14dc3fa\"><h2 class=\"uagb-heading-text\">\u017duta zona<\/h2><\/div>\n\n\n\n<ol class=\"wp-block-list\">\n<li class=\"\">Parking prostor (ure\u0111eni), na bulevaru \u201cSami Fra\u0161eri\u201d,<\/li>\n\n\n\n<li class=\"\">Parking prostor (ure\u0111eni), u ulici Fi\u0107ri Hasanaga,<\/li>\n\n\n\n<li class=\"\">Parking prostor (ure\u0111eni), u ulici \u201cAli Podrimja\u201d(od upravne zgrade Policije do raskr\u0161\u0107a sa ulicom Kosovska),<\/li>\n\n\n\n<li class=\"\">Parking prostor (ure\u0111eni), pored ul. \u201cFi\u0107ri Hasanaga\u201d iza zgrade \u201cCentra za kulturu\u201d,<\/li>\n\n\n\n<li class=\"\">Parking prostor (ure\u0111eni), u ulici M.Gjyli,<\/li>\n\n\n\n<li class=\"\">Parking prostor (ure\u0111eni), u ulici Radovan Zogovi\u0107 od ulice Kadi Hysen Myjali sa lijeve strane raskr\u0161\u0107a sa ulicom \u201cPavle Mijovi\u0107\u201d i \u201cDinko Franetovi\u0107\u201d,<\/li>\n\n\n\n<li class=\"\">Parking prostor (ure\u0111eni), u ulici \u201cMujo Ulqinaku\u201d, od raskrsnice sa ulicom \u201cKosovska\u201d do ulice \u201cAli Riza Ulqinaku \u201d sa jedne strane \u2013 gornje strane (prema brdu Pinje\u0161).<\/li>\n<\/ol>\n<\/div>\n<\/div>\n\n\n\n<p class=\"\"><\/p>","protected":false},"excerpt":{"rendered":"<p>Parking zone Mapa parking zona Crvena zona \u017duta zona<\/p>","protected":false},"author":3,"featured_media":0,"parent":0,"menu_order":0,"comment_status":"closed","ping_status":"closed","template":"","meta":{"_uag_custom_page_level_css":"","site-sidebar-layout":"no-sidebar","site-content-layout":"plain-container","ast-site-content-layout":"normal-width-container","site-content-style":"unboxed","site-sidebar-style":"unboxed","ast-global-header-display":"","ast-banner-title-visibility":"","ast-main-header-display":"","ast-hfb-above-header-display":"","ast-hfb-below-header-display":"","ast-hfb-mobile-header-display":"","site-post-title":"disabled","ast-breadcrumbs-content":"","ast-featured-img":"","footer-sml-layout":"","ast-disable-related-posts":"","theme-transparent-header-meta":"enabled","adv-header-id-meta":"","stick-header-meta":"","header-above-stick-meta":"","header-main-stick-meta":"","header-below-stick-meta":"","astra-migrate-meta-layouts":"set","ast-page-background-enabled":"default","ast-page-background-meta":{"desktop":{"background-color":"","background-image":"","background-repeat":"repeat","background-position":"center center","background-size":"auto","background-attachment":"scroll","background-type":"","background-media":"","overlay-type":"","overlay-color":"","overlay-opacity":"","overlay-gradient":""},"tablet":{"background-color":"","background-image":"","background-repeat":"repeat","background-position":"center center","background-size":"auto","background-attachment":"scroll","background-type":"","background-media":"","overlay-type":"","overlay-color":"","overlay-opacity":"","overlay-gradient":""},"mobile":{"background-color":"","background-image":"","background-repeat":"repeat","background-position":"center center","background-size":"auto","background-attachment":"scroll","background-type":"","background-media":"","overlay-type":"","overlay-color":"","overlay-opacity":"","overlay-gradient":""}},"ast-content-background-meta":{"desktop":{"background-color":"var(--ast-global-color-5)","background-image":"","background-repeat":"repeat","background-position":"center center","background-size":"auto","background-attachment":"scroll","background-type":"","background-media":"","overlay-type":"","overlay-color":"","overlay-opacity":"","overlay-gradient":""},"tablet":{"background-color":"var(--ast-global-color-5)","background-image":"","background-repeat":"repeat","background-position":"center center","background-size":"auto","background-attachment":"scroll","background-type":"","background-media":"","overlay-type":"","overlay-color":"","overlay-opacity":"","overlay-gradient":""},"mobile":{"background-color":"var(--ast-global-color-5)","background-image":"","background-repeat":"repeat","background-position":"center center","background-size":"auto","background-attachment":"scroll","background-type":"","background-media":"","overlay-type":"","overlay-color":"","overlay-opacity":"","overlay-gradient":""}},"footnotes":""},"class_list":["post-1709","page","type-page","status-publish","hentry"],"yoast_head":"<!-- This site is optimized with the Yoast SEO plugin v27.5 - https:\/\/yoast.com\/product\/yoast-seo-wordpress\/ -->\n<title>Parking zone - Parking servis Ulcinj<\/title>\n<meta name=\"description\" content=\"Informi\u0161ite se o zonama parkiranja u Ulcinju, cijenama po zonama i na\u010dinima pla\u0107anja putem SMS-a, kioska ili aplikacije. Saznajte sve o crvenoj i \u017eutoj zoni.\" \/>\n<meta name=\"robots\" content=\"index, follow, max-snippet:-1, max-image-preview:large, max-video-preview:-1\" \/>\n<link rel=\"canonical\" href=\"https:\/\/parkingservisulcinj.me\/en\/parking-zone\/\" \/>\n<meta property=\"og:locale\" content=\"en_US\" \/>\n<meta property=\"og:type\" content=\"article\" \/>\n<meta property=\"og:title\" content=\"Parking zone - Parking servis Ulcinj\" \/>\n<meta property=\"og:description\" content=\"Informi\u0161ite se o zonama parkiranja u Ulcinju, cijenama po zonama i na\u010dinima pla\u0107anja putem SMS-a, kioska ili aplikacije. Saznajte sve o crvenoj i \u017eutoj zoni.\" \/>\n<meta property=\"og:url\" content=\"https:\/\/parkingservisulcinj.me\/en\/parking-zone\/\" \/>\n<meta property=\"og:site_name\" content=\"Parking servis Ulcinj\" \/>\n<meta property=\"article:publisher\" content=\"https:\/\/www.facebook.com\/people\/Parking-servis-UlcinjUlqin\/100085605153965\/\" \/>\n<meta property=\"article:modified_time\" content=\"2025-04-15T20:43:39+00:00\" \/>\n<meta name=\"twitter:card\" content=\"summary_large_image\" \/>\n<meta name=\"twitter:label1\" content=\"Est. reading time\" \/>\n\t<meta name=\"twitter:data1\" content=\"1 minute\" \/>\n<script type=\"application\/ld+json\" class=\"yoast-schema-graph\">{\"@context\":\"https:\\\/\\\/schema.org\",\"@graph\":[{\"@type\":\"WebPage\",\"@id\":\"https:\\\/\\\/parkingservisulcinj.me\\\/parking-zone\\\/\",\"url\":\"https:\\\/\\\/parkingservisulcinj.me\\\/parking-zone\\\/\",\"name\":\"Parking zone - Parking servis Ulcinj\",\"isPartOf\":{\"@id\":\"https:\\\/\\\/bqy.twj.mybluehost.me\\\/website_177d2ba3\\\/#website\"},\"datePublished\":\"2024-04-24T22:00:19+00:00\",\"dateModified\":\"2025-04-15T20:43:39+00:00\",\"description\":\"Informi\u0161ite se o zonama parkiranja u Ulcinju, cijenama po zonama i na\u010dinima pla\u0107anja putem SMS-a, kioska ili aplikacije. Saznajte sve o crvenoj i \u017eutoj zoni.\",\"breadcrumb\":{\"@id\":\"https:\\\/\\\/parkingservisulcinj.me\\\/parking-zone\\\/#breadcrumb\"},\"inLanguage\":\"en-US\",\"potentialAction\":[{\"@type\":\"ReadAction\",\"target\":[\"https:\\\/\\\/parkingservisulcinj.me\\\/parking-zone\\\/\"]}]},{\"@type\":\"BreadcrumbList\",\"@id\":\"https:\\\/\\\/parkingservisulcinj.me\\\/parking-zone\\\/#breadcrumb\",\"itemListElement\":[{\"@type\":\"ListItem\",\"position\":1,\"name\":\"Home\",\"item\":\"https:\\\/\\\/parkingservisulcinj.me\\\/\"},{\"@type\":\"ListItem\",\"position\":2,\"name\":\"Parking zone\"}]},{\"@type\":\"WebSite\",\"@id\":\"https:\\\/\\\/bqy.twj.mybluehost.me\\\/website_177d2ba3\\\/#website\",\"url\":\"https:\\\/\\\/bqy.twj.mybluehost.me\\\/website_177d2ba3\\\/\",\"name\":\"Parking servis Ulcinj\",\"description\":\"Upravljanje, kori&scaron;\u0107enje i odr\u017eavanje javnih parkirali&scaron;ta i gara\u017ea op&scaron;tine Ulcinj.\",\"publisher\":{\"@id\":\"https:\\\/\\\/bqy.twj.mybluehost.me\\\/website_177d2ba3\\\/#organization\"},\"potentialAction\":[{\"@type\":\"SearchAction\",\"target\":{\"@type\":\"EntryPoint\",\"urlTemplate\":\"https:\\\/\\\/bqy.twj.mybluehost.me\\\/website_177d2ba3\\\/?s={search_term_string}\"},\"query-input\":{\"@type\":\"PropertyValueSpecification\",\"valueRequired\":true,\"valueName\":\"search_term_string\"}}],\"inLanguage\":\"en-US\"},{\"@type\":\"Organization\",\"@id\":\"https:\\\/\\\/bqy.twj.mybluehost.me\\\/website_177d2ba3\\\/#organization\",\"name\":\"Parking servis Ulcinj\",\"url\":\"https:\\\/\\\/bqy.twj.mybluehost.me\\\/website_177d2ba3\\\/\",\"logo\":{\"@type\":\"ImageObject\",\"inLanguage\":\"en-US\",\"@id\":\"https:\\\/\\\/bqy.twj.mybluehost.me\\\/website_177d2ba3\\\/#\\\/schema\\\/logo\\\/image\\\/\",\"url\":\"https:\\\/\\\/parkingservisulcinj.me\\\/wp-content\\\/uploads\\\/2024\\\/02\\\/parking-servis-logo.png\",\"contentUrl\":\"https:\\\/\\\/parkingservisulcinj.me\\\/wp-content\\\/uploads\\\/2024\\\/02\\\/parking-servis-logo.png\",\"width\":143,\"height\":159,\"caption\":\"Parking servis Ulcinj\"},\"image\":{\"@id\":\"https:\\\/\\\/bqy.twj.mybluehost.me\\\/website_177d2ba3\\\/#\\\/schema\\\/logo\\\/image\\\/\"},\"sameAs\":[\"https:\\\/\\\/www.facebook.com\\\/people\\\/Parking-servis-UlcinjUlqin\\\/100085605153965\\\/\",\"https:\\\/\\\/www.instagram.com\\\/parkingservis.ulcinj\\\/\"]}]}<\/script>\n<!-- \/ Yoast SEO plugin. -->","yoast_head_json":{"title":"Parking zone - Parking servis Ulcinj","description":"Informi\u0161ite se o zonama parkiranja u Ulcinju, cijenama po zonama i na\u010dinima pla\u0107anja putem SMS-a, kioska ili aplikacije. Saznajte sve o crvenoj i \u017eutoj zoni.","robots":{"index":"index","follow":"follow","max-snippet":"max-snippet:-1","max-image-preview":"max-image-preview:large","max-video-preview":"max-video-preview:-1"},"canonical":"https:\/\/parkingservisulcinj.me\/en\/parking-zone\/","og_locale":"en_US","og_type":"article","og_title":"Parking zone - Parking servis Ulcinj","og_description":"Informi\u0161ite se o zonama parkiranja u Ulcinju, cijenama po zonama i na\u010dinima pla\u0107anja putem SMS-a, kioska ili aplikacije. Saznajte sve o crvenoj i \u017eutoj zoni.","og_url":"https:\/\/parkingservisulcinj.me\/en\/parking-zone\/","og_site_name":"Parking servis Ulcinj","article_publisher":"https:\/\/www.facebook.com\/people\/Parking-servis-UlcinjUlqin\/100085605153965\/","article_modified_time":"2025-04-15T20:43:39+00:00","twitter_card":"summary_large_image","twitter_misc":{"Est. reading time":"1 minute"},"schema":{"@context":"https:\/\/schema.org","@graph":[{"@type":"WebPage","@id":"https:\/\/parkingservisulcinj.me\/parking-zone\/","url":"https:\/\/parkingservisulcinj.me\/parking-zone\/","name":"Parking zone - Parking servis Ulcinj","isPartOf":{"@id":"https:\/\/bqy.twj.mybluehost.me\/website_177d2ba3\/#website"},"datePublished":"2024-04-24T22:00:19+00:00","dateModified":"2025-04-15T20:43:39+00:00","description":"Informi\u0161ite se o zonama parkiranja u Ulcinju, cijenama po zonama i na\u010dinima pla\u0107anja putem SMS-a, kioska ili aplikacije. Saznajte sve o crvenoj i \u017eutoj zoni.","breadcrumb":{"@id":"https:\/\/parkingservisulcinj.me\/parking-zone\/#breadcrumb"},"inLanguage":"en-US","potentialAction":[{"@type":"ReadAction","target":["https:\/\/parkingservisulcinj.me\/parking-zone\/"]}]},{"@type":"BreadcrumbList","@id":"https:\/\/parkingservisulcinj.me\/parking-zone\/#breadcrumb","itemListElement":[{"@type":"ListItem","position":1,"name":"Home","item":"https:\/\/parkingservisulcinj.me\/"},{"@type":"ListItem","position":2,"name":"Parking zone"}]},{"@type":"WebSite","@id":"https:\/\/bqy.twj.mybluehost.me\/website_177d2ba3\/#website","url":"https:\/\/bqy.twj.mybluehost.me\/website_177d2ba3\/","name":"Parking service Ulcinj","description":"Upravljanje, kori&scaron;\u0107enje i odr\u017eavanje javnih parkirali&scaron;ta i gara\u017ea op&scaron;tine Ulcinj.","publisher":{"@id":"https:\/\/bqy.twj.mybluehost.me\/website_177d2ba3\/#organization"},"potentialAction":[{"@type":"SearchAction","target":{"@type":"EntryPoint","urlTemplate":"https:\/\/bqy.twj.mybluehost.me\/website_177d2ba3\/?s={search_term_string}"},"query-input":{"@type":"PropertyValueSpecification","valueRequired":true,"valueName":"search_term_string"}}],"inLanguage":"en-US"},{"@type":"Organization","@id":"https:\/\/bqy.twj.mybluehost.me\/website_177d2ba3\/#organization","name":"Parking service Ulcinj","url":"https:\/\/bqy.twj.mybluehost.me\/website_177d2ba3\/","logo":{"@type":"ImageObject","inLanguage":"en-US","@id":"https:\/\/bqy.twj.mybluehost.me\/website_177d2ba3\/#\/schema\/logo\/image\/","url":"https:\/\/parkingservisulcinj.me\/wp-content\/uploads\/2024\/02\/parking-servis-logo.png","contentUrl":"https:\/\/parkingservisulcinj.me\/wp-content\/uploads\/2024\/02\/parking-servis-logo.png","width":143,"height":159,"caption":"Parking servis Ulcinj"},"image":{"@id":"https:\/\/bqy.twj.mybluehost.me\/website_177d2ba3\/#\/schema\/logo\/image\/"},"sameAs":["https:\/\/www.facebook.com\/people\/Parking-servis-UlcinjUlqin\/100085605153965\/","https:\/\/www.instagram.com\/parkingservis.ulcinj\/"]}]}},"uagb_featured_image_src":{"full":false,"thumbnail":false,"medium":false,"medium_large":false,"large":false,"1536x1536":false,"2048x2048":false,"trp-custom-language-flag":false},"uagb_author_info":{"display_name":"Samira Beci","author_link":"https:\/\/parkingservisulcinj.me\/en\/author\/admin-parking-servis\/"},"uagb_comment_info":0,"uagb_excerpt":"Parking zone Mapa parking zona Crvena zona \u017duta zona","_links":{"self":[{"href":"https:\/\/parkingservisulcinj.me\/en\/wp-json\/wp\/v2\/pages\/1709","targetHints":{"allow":["GET"]}}],"collection":[{"href":"https:\/\/parkingservisulcinj.me\/en\/wp-json\/wp\/v2\/pages"}],"about":[{"href":"https:\/\/parkingservisulcinj.me\/en\/wp-json\/wp\/v2\/types\/page"}],"author":[{"embeddable":true,"href":"https:\/\/parkingservisulcinj.me\/en\/wp-json\/wp\/v2\/users\/3"}],"replies":[{"embeddable":true,"href":"https:\/\/parkingservisulcinj.me\/en\/wp-json\/wp\/v2\/comments?post=1709"}],"version-history":[{"count":1,"href":"https:\/\/parkingservisulcinj.me\/en\/wp-json\/wp\/v2\/pages\/1709\/revisions"}],"predecessor-version":[{"id":1797,"href":"https:\/\/parkingservisulcinj.me\/en\/wp-json\/wp\/v2\/pages\/1709\/revisions\/1797"}],"wp:attachment":[{"href":"https:\/\/parkingservisulcinj.me\/en\/wp-json\/wp\/v2\/media?parent=1709"}],"curies":[{"name":"wp","href":"https:\/\/api.w.org\/{rel}","templated":true}]}}