{"id":1600,"date":"2024-03-30T14:58:55","date_gmt":"2024-03-30T14:58:55","guid":{"rendered":"https:\/\/parkingservisulcinj.me\/?page_id=1600"},"modified":"2025-04-15T20:39:02","modified_gmt":"2025-04-15T20:39:02","slug":"povlascene-karte","status":"publish","type":"page","link":"https:\/\/parkingservisulcinj.me\/en\/povlascene-karte\/","title":{"rendered":"Preferential tickets"},"content":{"rendered":"<div class=\"wp-block-uagb-container uagb-block-2f179a9d alignfull uagb-is-root-container\"><div class=\"uagb-container-inner-blocks-wrap\">\n<div class=\"wp-block-uagb-advanced-heading uagb-block-b63e11bc\"><h1 class=\"uagb-heading-text\">Preferential tickets<\/h1><\/div>\n<\/div><\/div>\n\n\n\n<div class=\"wp-block-uagb-container uagb-block-40c4dc30 alignfull uagb-is-root-container\"><div class=\"uagb-container-inner-blocks-wrap\">\n<div class=\"wp-block-uagb-advanced-heading uagb-block-5cab780a\"><h2 class=\"uagb-heading-text\">Send a request for a contract?<\/h2><\/div>\n\n\n\n<p class=\"\">The right to a preferential ticket for general parking lots (zones I and II) can be exercised by physical persons, <br>legal entities and entrepreneurs who have their seat or residence in that zone.<br><br>You can fill out the request by clicking the button below, and the required documentation is listed in the content of the request.<\/p>\n\n\n<a href=\"javascript:void(0)\" class=\"hustle_module_shortcode_trigger hustle_module_2\" data-id=\"2\" data-type=\"popup\"><button>Send a request<\/button><\/a>\n<\/div><\/div>\n\n\n\n<div style=\"height:30px\" aria-hidden=\"true\" class=\"wp-block-spacer\"><\/div>","protected":false},"excerpt":{"rendered":"<p>Povla\u0161\u0107ene karte Po\u0161alji zahtjev za ugovor Pravo na povla\u0161\u0107enu kartu za op\u0161ta parkirali\u0161ta (zone I i II) mogu ostvariti fizi\u010dka lica, pravna lica i preduzetnici koji imaju sjedi\u0161te ili boravi\u0161te u toj zoni. Zahtjev mo\u017eete popuniti klikom na dugme ispod, a potrebna dokumentacija je navedena u sadr\u017eaju zahtjeva.<\/p>","protected":false},"author":3,"featured_media":0,"parent":0,"menu_order":0,"comment_status":"closed","ping_status":"closed","template":"","meta":{"_uag_custom_page_level_css":"","site-sidebar-layout":"no-sidebar","site-content-layout":"plain-container","ast-site-content-layout":"normal-width-container","site-content-style":"unboxed","site-sidebar-style":"unboxed","ast-global-header-display":"","ast-banner-title-visibility":"","ast-main-header-display":"","ast-hfb-above-header-display":"","ast-hfb-below-header-display":"","ast-hfb-mobile-header-display":"","site-post-title":"disabled","ast-breadcrumbs-content":"","ast-featured-img":"","footer-sml-layout":"","ast-disable-related-posts":"","theme-transparent-header-meta":"enabled","adv-header-id-meta":"","stick-header-meta":"","header-above-stick-meta":"","header-main-stick-meta":"","header-below-stick-meta":"","astra-migrate-meta-layouts":"set","ast-page-background-enabled":"default","ast-page-background-meta":{"desktop":{"background-color":"","background-image":"","background-repeat":"repeat","background-position":"center center","background-size":"auto","background-attachment":"scroll","background-type":"","background-media":"","overlay-type":"","overlay-color":"","overlay-opacity":"","overlay-gradient":""},"tablet":{"background-color":"","background-image":"","background-repeat":"repeat","background-position":"center center","background-size":"auto","background-attachment":"scroll","background-type":"","background-media":"","overlay-type":"","overlay-color":"","overlay-opacity":"","overlay-gradient":""},"mobile":{"background-color":"","background-image":"","background-repeat":"repeat","background-position":"center center","background-size":"auto","background-attachment":"scroll","background-type":"","background-media":"","overlay-type":"","overlay-color":"","overlay-opacity":"","overlay-gradient":""}},"ast-content-background-meta":{"desktop":{"background-color":"var(--ast-global-color-5)","background-image":"","background-repeat":"repeat","background-position":"center center","background-size":"auto","background-attachment":"scroll","background-type":"","background-media":"","overlay-type":"","overlay-color":"","overlay-opacity":"","overlay-gradient":""},"tablet":{"background-color":"var(--ast-global-color-5)","background-image":"","background-repeat":"repeat","background-position":"center center","background-size":"auto","background-attachment":"scroll","background-type":"","background-media":"","overlay-type":"","overlay-color":"","overlay-opacity":"","overlay-gradient":""},"mobile":{"background-color":"var(--ast-global-color-5)","background-image":"","background-repeat":"repeat","background-position":"center center","background-size":"auto","background-attachment":"scroll","background-type":"","background-media":"","overlay-type":"","overlay-color":"","overlay-opacity":"","overlay-gradient":""}},"footnotes":""},"class_list":["post-1600","page","type-page","status-publish","hentry"],"yoast_head":"<!-- This site is optimized with the Yoast SEO plugin v27.5 - https:\/\/yoast.com\/product\/yoast-seo-wordpress\/ -->\n<title>Povla\u0161\u0107ene karte - Parking servis Ulcinj<\/title>\n<meta name=\"description\" content=\"Informi\u0161ite se o vrstama povla\u0161tenih parking karata u Ulcinju, uslovima, cijenama i potrebnoj dokumentaciji kod Parking Servisa Ulcinj.\" \/>\n<meta name=\"robots\" content=\"index, follow, max-snippet:-1, max-image-preview:large, max-video-preview:-1\" \/>\n<link rel=\"canonical\" href=\"https:\/\/parkingservisulcinj.me\/en\/povlascene-karte\/\" \/>\n<meta property=\"og:locale\" content=\"en_US\" \/>\n<meta property=\"og:type\" content=\"article\" \/>\n<meta property=\"og:title\" content=\"Povla\u0161\u0107ene karte - Parking servis Ulcinj\" \/>\n<meta property=\"og:description\" content=\"Informi\u0161ite se o vrstama povla\u0161tenih parking karata u Ulcinju, uslovima, cijenama i potrebnoj dokumentaciji kod Parking Servisa Ulcinj.\" \/>\n<meta property=\"og:url\" content=\"https:\/\/parkingservisulcinj.me\/en\/povlascene-karte\/\" \/>\n<meta property=\"og:site_name\" content=\"Parking servis Ulcinj\" \/>\n<meta property=\"article:publisher\" content=\"https:\/\/www.facebook.com\/people\/Parking-servis-UlcinjUlqin\/100085605153965\/\" \/>\n<meta property=\"article:modified_time\" content=\"2025-04-15T20:39:02+00:00\" \/>\n<meta name=\"twitter:card\" content=\"summary_large_image\" \/>\n<meta name=\"twitter:label1\" content=\"Est. reading time\" \/>\n\t<meta name=\"twitter:data1\" content=\"1 minute\" \/>\n<script type=\"application\/ld+json\" class=\"yoast-schema-graph\">{\"@context\":\"https:\\\/\\\/schema.org\",\"@graph\":[{\"@type\":\"WebPage\",\"@id\":\"https:\\\/\\\/parkingservisulcinj.me\\\/povlascene-karte\\\/\",\"url\":\"https:\\\/\\\/parkingservisulcinj.me\\\/povlascene-karte\\\/\",\"name\":\"Povla\u0161\u0107ene karte - Parking servis Ulcinj\",\"isPartOf\":{\"@id\":\"https:\\\/\\\/bqy.twj.mybluehost.me\\\/website_177d2ba3\\\/#website\"},\"datePublished\":\"2024-03-30T14:58:55+00:00\",\"dateModified\":\"2025-04-15T20:39:02+00:00\",\"description\":\"Informi\u0161ite se o vrstama povla\u0161tenih parking karata u Ulcinju, uslovima, cijenama i potrebnoj dokumentaciji kod Parking Servisa Ulcinj.\",\"breadcrumb\":{\"@id\":\"https:\\\/\\\/parkingservisulcinj.me\\\/povlascene-karte\\\/#breadcrumb\"},\"inLanguage\":\"en-US\",\"potentialAction\":[{\"@type\":\"ReadAction\",\"target\":[\"https:\\\/\\\/parkingservisulcinj.me\\\/povlascene-karte\\\/\"]}]},{\"@type\":\"BreadcrumbList\",\"@id\":\"https:\\\/\\\/parkingservisulcinj.me\\\/povlascene-karte\\\/#breadcrumb\",\"itemListElement\":[{\"@type\":\"ListItem\",\"position\":1,\"name\":\"Home\",\"item\":\"https:\\\/\\\/parkingservisulcinj.me\\\/\"},{\"@type\":\"ListItem\",\"position\":2,\"name\":\"Povla\u0161\u0107ene karte\"}]},{\"@type\":\"WebSite\",\"@id\":\"https:\\\/\\\/bqy.twj.mybluehost.me\\\/website_177d2ba3\\\/#website\",\"url\":\"https:\\\/\\\/bqy.twj.mybluehost.me\\\/website_177d2ba3\\\/\",\"name\":\"Parking servis Ulcinj\",\"description\":\"Upravljanje, kori&scaron;\u0107enje i odr\u017eavanje javnih parkirali&scaron;ta i gara\u017ea op&scaron;tine Ulcinj.\",\"publisher\":{\"@id\":\"https:\\\/\\\/bqy.twj.mybluehost.me\\\/website_177d2ba3\\\/#organization\"},\"potentialAction\":[{\"@type\":\"SearchAction\",\"target\":{\"@type\":\"EntryPoint\",\"urlTemplate\":\"https:\\\/\\\/bqy.twj.mybluehost.me\\\/website_177d2ba3\\\/?s={search_term_string}\"},\"query-input\":{\"@type\":\"PropertyValueSpecification\",\"valueRequired\":true,\"valueName\":\"search_term_string\"}}],\"inLanguage\":\"en-US\"},{\"@type\":\"Organization\",\"@id\":\"https:\\\/\\\/bqy.twj.mybluehost.me\\\/website_177d2ba3\\\/#organization\",\"name\":\"Parking servis Ulcinj\",\"url\":\"https:\\\/\\\/bqy.twj.mybluehost.me\\\/website_177d2ba3\\\/\",\"logo\":{\"@type\":\"ImageObject\",\"inLanguage\":\"en-US\",\"@id\":\"https:\\\/\\\/bqy.twj.mybluehost.me\\\/website_177d2ba3\\\/#\\\/schema\\\/logo\\\/image\\\/\",\"url\":\"https:\\\/\\\/parkingservisulcinj.me\\\/wp-content\\\/uploads\\\/2024\\\/02\\\/parking-servis-logo.png\",\"contentUrl\":\"https:\\\/\\\/parkingservisulcinj.me\\\/wp-content\\\/uploads\\\/2024\\\/02\\\/parking-servis-logo.png\",\"width\":143,\"height\":159,\"caption\":\"Parking servis Ulcinj\"},\"image\":{\"@id\":\"https:\\\/\\\/bqy.twj.mybluehost.me\\\/website_177d2ba3\\\/#\\\/schema\\\/logo\\\/image\\\/\"},\"sameAs\":[\"https:\\\/\\\/www.facebook.com\\\/people\\\/Parking-servis-UlcinjUlqin\\\/100085605153965\\\/\",\"https:\\\/\\\/www.instagram.com\\\/parkingservis.ulcinj\\\/\"]}]}<\/script>\n<!-- \/ Yoast SEO plugin. -->","yoast_head_json":{"title":"Povla\u0161\u0107ene karte - Parking servis Ulcinj","description":"Informi\u0161ite se o vrstama povla\u0161tenih parking karata u Ulcinju, uslovima, cijenama i potrebnoj dokumentaciji kod Parking Servisa Ulcinj.","robots":{"index":"index","follow":"follow","max-snippet":"max-snippet:-1","max-image-preview":"max-image-preview:large","max-video-preview":"max-video-preview:-1"},"canonical":"https:\/\/parkingservisulcinj.me\/en\/povlascene-karte\/","og_locale":"en_US","og_type":"article","og_title":"Povla\u0161\u0107ene karte - Parking servis Ulcinj","og_description":"Informi\u0161ite se o vrstama povla\u0161tenih parking karata u Ulcinju, uslovima, cijenama i potrebnoj dokumentaciji kod Parking Servisa Ulcinj.","og_url":"https:\/\/parkingservisulcinj.me\/en\/povlascene-karte\/","og_site_name":"Parking servis Ulcinj","article_publisher":"https:\/\/www.facebook.com\/people\/Parking-servis-UlcinjUlqin\/100085605153965\/","article_modified_time":"2025-04-15T20:39:02+00:00","twitter_card":"summary_large_image","twitter_misc":{"Est. reading time":"1 minute"},"schema":{"@context":"https:\/\/schema.org","@graph":[{"@type":"WebPage","@id":"https:\/\/parkingservisulcinj.me\/povlascene-karte\/","url":"https:\/\/parkingservisulcinj.me\/povlascene-karte\/","name":"Povla\u0161\u0107ene karte - Parking servis Ulcinj","isPartOf":{"@id":"https:\/\/bqy.twj.mybluehost.me\/website_177d2ba3\/#website"},"datePublished":"2024-03-30T14:58:55+00:00","dateModified":"2025-04-15T20:39:02+00:00","description":"Informi\u0161ite se o vrstama povla\u0161tenih parking karata u Ulcinju, uslovima, cijenama i potrebnoj dokumentaciji kod Parking Servisa Ulcinj.","breadcrumb":{"@id":"https:\/\/parkingservisulcinj.me\/povlascene-karte\/#breadcrumb"},"inLanguage":"en-US","potentialAction":[{"@type":"ReadAction","target":["https:\/\/parkingservisulcinj.me\/povlascene-karte\/"]}]},{"@type":"BreadcrumbList","@id":"https:\/\/parkingservisulcinj.me\/povlascene-karte\/#breadcrumb","itemListElement":[{"@type":"ListItem","position":1,"name":"Home","item":"https:\/\/parkingservisulcinj.me\/"},{"@type":"ListItem","position":2,"name":"Povla\u0161\u0107ene karte"}]},{"@type":"WebSite","@id":"https:\/\/bqy.twj.mybluehost.me\/website_177d2ba3\/#website","url":"https:\/\/bqy.twj.mybluehost.me\/website_177d2ba3\/","name":"Parking service Ulcinj","description":"Upravljanje, kori&scaron;\u0107enje i odr\u017eavanje javnih parkirali&scaron;ta i gara\u017ea op&scaron;tine Ulcinj.","publisher":{"@id":"https:\/\/bqy.twj.mybluehost.me\/website_177d2ba3\/#organization"},"potentialAction":[{"@type":"SearchAction","target":{"@type":"EntryPoint","urlTemplate":"https:\/\/bqy.twj.mybluehost.me\/website_177d2ba3\/?s={search_term_string}"},"query-input":{"@type":"PropertyValueSpecification","valueRequired":true,"valueName":"search_term_string"}}],"inLanguage":"en-US"},{"@type":"Organization","@id":"https:\/\/bqy.twj.mybluehost.me\/website_177d2ba3\/#organization","name":"Parking service Ulcinj","url":"https:\/\/bqy.twj.mybluehost.me\/website_177d2ba3\/","logo":{"@type":"ImageObject","inLanguage":"en-US","@id":"https:\/\/bqy.twj.mybluehost.me\/website_177d2ba3\/#\/schema\/logo\/image\/","url":"https:\/\/parkingservisulcinj.me\/wp-content\/uploads\/2024\/02\/parking-servis-logo.png","contentUrl":"https:\/\/parkingservisulcinj.me\/wp-content\/uploads\/2024\/02\/parking-servis-logo.png","width":143,"height":159,"caption":"Parking servis Ulcinj"},"image":{"@id":"https:\/\/bqy.twj.mybluehost.me\/website_177d2ba3\/#\/schema\/logo\/image\/"},"sameAs":["https:\/\/www.facebook.com\/people\/Parking-servis-UlcinjUlqin\/100085605153965\/","https:\/\/www.instagram.com\/parkingservis.ulcinj\/"]}]}},"uagb_featured_image_src":{"full":false,"thumbnail":false,"medium":false,"medium_large":false,"large":false,"1536x1536":false,"2048x2048":false,"trp-custom-language-flag":false},"uagb_author_info":{"display_name":"Samira Beci","author_link":"https:\/\/parkingservisulcinj.me\/en\/author\/admin-parking-servis\/"},"uagb_comment_info":0,"uagb_excerpt":"Povla\u0161\u0107ene karte Po\u0161alji zahtjev za ugovor Pravo na povla\u0161\u0107enu kartu za op\u0161ta parkirali\u0161ta (zone I i II) mogu ostvariti fizi\u010dka lica, pravna lica i preduzetnici koji imaju sjedi\u0161te ili boravi\u0161te u toj zoni. Zahtjev mo\u017eete popuniti klikom na dugme ispod, a potrebna dokumentacija je navedena u sadr\u017eaju zahtjeva.","_links":{"self":[{"href":"https:\/\/parkingservisulcinj.me\/en\/wp-json\/wp\/v2\/pages\/1600","targetHints":{"allow":["GET"]}}],"collection":[{"href":"https:\/\/parkingservisulcinj.me\/en\/wp-json\/wp\/v2\/pages"}],"about":[{"href":"https:\/\/parkingservisulcinj.me\/en\/wp-json\/wp\/v2\/types\/page"}],"author":[{"embeddable":true,"href":"https:\/\/parkingservisulcinj.me\/en\/wp-json\/wp\/v2\/users\/3"}],"replies":[{"embeddable":true,"href":"https:\/\/parkingservisulcinj.me\/en\/wp-json\/wp\/v2\/comments?post=1600"}],"version-history":[{"count":1,"href":"https:\/\/parkingservisulcinj.me\/en\/wp-json\/wp\/v2\/pages\/1600\/revisions"}],"predecessor-version":[{"id":1793,"href":"https:\/\/parkingservisulcinj.me\/en\/wp-json\/wp\/v2\/pages\/1600\/revisions\/1793"}],"wp:attachment":[{"href":"https:\/\/parkingservisulcinj.me\/en\/wp-json\/wp\/v2\/media?parent=1600"}],"curies":[{"name":"wp","href":"https:\/\/api.w.org\/{rel}","templated":true}]}}