{"id":1340,"date":"2024-03-20T19:24:12","date_gmt":"2024-03-20T19:24:12","guid":{"rendered":"https:\/\/parkingservisulcinj.me\/?page_id=1340"},"modified":"2025-04-15T20:47:57","modified_gmt":"2025-04-15T20:47:57","slug":"nacin-placanja","status":"publish","type":"page","link":"https:\/\/parkingservisulcinj.me\/en\/nacin-placanja\/","title":{"rendered":"Methods of payment"},"content":{"rendered":"<div class=\"wp-block-uagb-container uagb-block-c1e2fce7 alignfull uagb-is-root-container\"><div class=\"uagb-container-inner-blocks-wrap\">\n<div class=\"wp-block-uagb-advanced-heading uagb-block-c767fabd\"><h1 class=\"uagb-heading-text\">How to pay for parking?<\/h1><\/div>\n<\/div><\/div>\n\n\n\n<div class=\"wp-block-uagb-container uagb-block-610baaad alignfull uagb-is-root-container\"><div class=\"uagb-container-inner-blocks-wrap\">\n<div class=\"wp-block-uagb-container uagb-block-31b295f2\">\n<div class=\"wp-block-uagb-info-box uagb-block-2a89b7d9 uagb-infobox__content-wrap  uagb-infobox-icon-above-title uagb-infobox-image-valign-top\"><div class=\"uagb-ifb-content\"><div class=\"uagb-ifb-title-wrap\"><h2 class=\"uagb-ifb-title\">Payment by SMS<\/h2><\/div><p class=\"uagb-ifb-desc\">Send an SMS message with the name and number of the car license plate, without spaces and other special characters (eg ULAA001).<br>You can send a message from all currently active mobile operators.<br><br>Depending on the zone you are in, send the message to one of two numbers:<br><br>&#8211; <strong>14601 \u2013 I zone (red)<\/strong> \u2013 the price of parking for one hour is EUR 0.90 - (June 1st to September 30th), or 0.70 EUR - (from October 1st to May 31st)<br>&#8211; <strong>14602 \u2013 II zone (yellow)<\/strong> - the price of parking for one hour is EUR 0.70 - (June 1st to October 1st), ie EUR 0.50 - (October 1st to May 31st).<br><br>By sending a message to one of these two numbers, you pay for the first hour of parking.<br><br>After sending the correct message, you will receive a return notification about the successful payment via an SMS message containing a specially generated ticket number for the entered vehicle registration number, zone, as well as the time until which the paid parking is valid.<\/p><\/div><\/div>\n<\/div>\n\n\n\n<div class=\"wp-block-uagb-container uagb-block-7db25ae8\">\n<div class=\"wp-block-uagb-image uagb-block-f23a0025 wp-block-uagb-image--layout-default wp-block-uagb-image--effect-static wp-block-uagb-image--align-none nfd-wb-animate nfd-wb-fade-in-bottom\"><figure class=\"wp-block-uagb-image__figure\"><img decoding=\"async\" srcset=\"\" sizes=\"auto, (max-width: 480px) 150px\" src=\"https:\/\/parkingservisulcinj.me\/wp-content\/uploads\/2024\/05\/Placanje-SMS-porukom-1024x768.png\" alt=\"\" class=\"uag-image-1750\" width=\"1024\" height=\"768\" title=\"Placanje SMS porukom\" loading=\"lazy\" role=\"img\" data-srcset=\"\"\/><\/figure><\/div>\n<\/div>\n<\/div><\/div>\n\n\n\n<div class=\"wp-block-uagb-container uagb-block-0fa8dc87 alignfull uagb-is-root-container\"><div class=\"uagb-container-inner-blocks-wrap\">\n<div class=\"wp-block-uagb-container uagb-block-aaa491a8\">\n<div class=\"wp-block-uagb-image uagb-block-95ad5af2 wp-block-uagb-image--layout-default wp-block-uagb-image--effect-static wp-block-uagb-image--align-none nfd-wb-animate nfd-wb-fade-in-bottom\"><figure class=\"wp-block-uagb-image__figure\"><img decoding=\"async\" srcset=\"\" sizes=\"auto, (max-width: 480px) 150px\" src=\"https:\/\/parkingservisulcinj.me\/wp-content\/uploads\/2024\/05\/Parking-karte-1024x768.jpg\" alt=\"\" class=\"uag-image-1737\" width=\"1024\" height=\"682\" title=\"Parking karte\" loading=\"lazy\" role=\"img\" data-srcset=\"\"\/><\/figure><\/div>\n<\/div>\n\n\n\n<div class=\"wp-block-uagb-container uagb-block-273f62cc\">\n<div class=\"wp-block-uagb-info-box uagb-block-f179cbd3 uagb-infobox__content-wrap  uagb-infobox-icon-above-title uagb-infobox-image-valign-top\"><div class=\"uagb-ifb-content\"><div class=\"uagb-ifb-title-wrap\"><h2 class=\"uagb-ifb-title\">Kiosk tickets<\/h2><\/div><p class=\"uagb-ifb-desc\">You can buy daily parking tickets and hourly parking tickets at all points of sale <strong>Tabacoo S Press<\/strong> and <strong>Tobacco Shop<\/strong>.<br>Other points of sale: <strong>Bookstore Classic<\/strong>, <strong>Bookstore Elsa<\/strong>, <strong>MCM Travel<\/strong>,<strong> Dina Travel<\/strong>, <strong>Parking Service branch<\/strong>.<\/p><\/div><\/div>\n<\/div>\n<\/div><\/div>\n\n\n\n<div class=\"wp-block-uagb-container uagb-block-a3c85d3f alignfull uagb-is-root-container\"><div class=\"uagb-container-inner-blocks-wrap\">\n<div class=\"wp-block-uagb-container uagb-block-4502a8bd\">\n<div class=\"wp-block-uagb-info-box uagb-block-109f07e7 uagb-infobox__content-wrap  uagb-infobox-icon-above-title uagb-infobox-image-valign-top\"><div class=\"uagb-ifb-content\"><div class=\"uagb-ifb-title-wrap\"><h2 class=\"uagb-ifb-title\">Preferential parking tickets<\/h2><\/div><p class=\"uagb-ifb-desc\">Privileged parking tickets are issued to individuals, legal entities and entrepreneurs who have their seat or residence in one of the zones.<\/p><\/div><\/div>\n\n\n\n<div class=\"wp-block-uagb-buttons uagb-buttons__outer-wrap uagb-btn__default-btn uagb-btn-tablet__default-btn uagb-btn-mobile__default-btn uagb-block-424d6d0c\"><div class=\"uagb-buttons__wrap uagb-buttons-layout-wrap\">\n<div class=\"wp-block-uagb-buttons-child uagb-buttons__outer-wrap uagb-block-6905ac62 wp-block-button\"><div class=\"uagb-button__wrapper\"><a class=\"uagb-buttons-repeater wp-block-button__link\" aria-label=\"\" href=\"https:\/\/parkingservisulcinj.me\/en\/povlascene-karte\/\" rel=\"follow noopener\" target=\"_self\" role=\"button\"><div class=\"uagb-button__link\">Send a request<\/div><\/a><\/div><\/div>\n<\/div><\/div>\n<\/div>\n\n\n\n<div class=\"wp-block-uagb-container uagb-block-a82f2522\">\n<div class=\"wp-block-uagb-image uagb-block-18897b0b wp-block-uagb-image--layout-default wp-block-uagb-image--effect-static wp-block-uagb-image--align-none nfd-wb-animate nfd-wb-fade-in-bottom\"><figure class=\"wp-block-uagb-image__figure\"><img decoding=\"async\" srcset=\"\" sizes=\"auto, (max-width: 480px) 150px\" src=\"https:\/\/parkingservisulcinj.me\/wp-content\/uploads\/2024\/03\/parking-spot-cars-vehicles-825371-1024x682.jpg\" alt=\"parking spot, cars, vehicles-825371.jpg\" class=\"uag-image-1335\" width=\"768\" height=\"1024\" title=\"parking-spot-cars-vehicles-825371\" loading=\"lazy\" role=\"img\" data-srcset=\"\"\/><\/figure><\/div>\n<\/div>\n<\/div><\/div>\n\n\n\n<div class=\"wp-block-uagb-container uagb-block-dac3ad0f alignfull uagb-is-root-container\"><div class=\"uagb-container-inner-blocks-wrap\">\n<div class=\"wp-block-uagb-container uagb-block-c8e22965\">\n<div class=\"wp-block-uagb-image uagb-block-4b98209d wp-block-uagb-image--layout-default wp-block-uagb-image--effect-static wp-block-uagb-image--align-none nfd-wb-animate nfd-wb-fade-in-bottom\"><figure class=\"wp-block-uagb-image__figure\"><img decoding=\"async\" srcset=\"https:\/\/parkingservisulcinj.me\/wp-content\/uploads\/2024\/03\/Parkomat-1-1024x768.jpg ,https:\/\/parkingservisulcinj.me\/wp-content\/uploads\/2024\/03\/Parkomat-1-scaled.jpg 780w, https:\/\/parkingservisulcinj.me\/wp-content\/uploads\/2024\/03\/Parkomat-1-scaled.jpg 360w\" sizes=\"auto, (max-width: 480px) 150px\" src=\"https:\/\/parkingservisulcinj.me\/wp-content\/uploads\/2024\/03\/Parkomat-1-1024x768.jpg\" alt=\"\" class=\"uag-image-1458\" width=\"1024\" height=\"682\" title=\"Parkomat-1\" loading=\"lazy\" role=\"img\"\/><\/figure><\/div>\n<\/div>\n\n\n\n<div class=\"wp-block-uagb-container uagb-block-e219c828\">\n<div class=\"wp-block-uagb-info-box uagb-block-62809360 uagb-infobox__content-wrap  uagb-infobox-icon-above-title uagb-infobox-image-valign-top\"><div class=\"uagb-ifb-content\"><div class=\"uagb-ifb-title-wrap\"><h2 class=\"uagb-ifb-title\">Payment via parking meter<\/h2><\/div><p class=\"uagb-ifb-desc\">1. Start the parking meter by pressing the \"Start\" button.<br>2. Enter the registration number of your vehicle.<br>3. Insert the appropriate amount into the coin slot;<br>4. After selecting the desired zone, press the green button (ticket);<br>5. Collect the ticket and change;<br>6. Place the printed ticket in a visible place, on the inside of the windshield.<\/p><\/div><\/div>\n<\/div>\n<\/div><\/div>\n\n\n\n<div class=\"wp-block-uagb-container uagb-block-bc3e6842 alignfull uagb-is-root-container\"><div class=\"uagb-container-inner-blocks-wrap\">\n<div class=\"wp-block-uagb-container uagb-block-ca4a5c10\">\n<div class=\"wp-block-uagb-info-box uagb-block-4a3e0a27 uagb-infobox__content-wrap  uagb-infobox-icon-above-title uagb-infobox-image-valign-top\"><div class=\"uagb-ifb-content\"><div class=\"uagb-ifb-title-wrap\"><h2 class=\"uagb-ifb-title\">Payment via mobile application<\/h2><\/div><p class=\"uagb-ifb-desc\">Pay online through the Digital Kiosk application.<br>You can make payment via Android and iOS devices.<\/p><\/div><\/div>\n\n\n\n<figure class=\"wp-block-image aligncenter size-medium is-resized\"><a href=\"https:\/\/play.google.com\/store\/apps\/details?id=me.dvabi.digitalnikiosk&amp;pcampaignid=web_share\"><img loading=\"lazy\" decoding=\"async\" width=\"300\" height=\"98\" src=\"https:\/\/parkingservisulcinj.me\/wp-content\/uploads\/2024\/03\/GetItOnGooglePlay-300x98.png\" alt=\"\" class=\"wp-image-969\" style=\"width:200px;height:auto\" srcset=\"\" sizes=\"auto, (max-width: 300px) 100vw, 300px\" data-srcset=\"\" \/><\/a><\/figure>\n\n\n\n<p class=\"\"><\/p>\n\n\n\n<figure class=\"wp-block-image aligncenter size-medium is-resized\"><a href=\"https:\/\/apps.apple.com\/hr\/app\/digitalni-kiosk\/id1404737856\"><img loading=\"lazy\" decoding=\"async\" width=\"300\" height=\"100\" src=\"https:\/\/parkingservisulcinj.me\/wp-content\/uploads\/2024\/03\/download-on-the-app-stores_5e12325ae15c1-300x100.png\" alt=\"\" class=\"wp-image-970\" style=\"width:200px\" srcset=\"\" sizes=\"auto, (max-width: 300px) 100vw, 300px\" data-srcset=\"\" \/><\/a><\/figure>\n<\/div>\n\n\n\n<div class=\"wp-block-uagb-container uagb-block-605d6bb3\">\n<div class=\"wp-block-uagb-image uagb-block-11e79a5e wp-block-uagb-image--layout-default wp-block-uagb-image--effect-static wp-block-uagb-image--align-none nfd-wb-animate nfd-wb-fade-in-bottom\"><figure class=\"wp-block-uagb-image__figure\"><img decoding=\"async\" srcset=\"https:\/\/parkingservisulcinj.me\/wp-content\/uploads\/2024\/03\/digitalni-kiosk.jpeg 630w, https:\/\/parkingservisulcinj.me\/wp-content\/uploads\/2024\/03\/digitalni-kiosk-300x224.jpeg 300w\" sizes=\"auto, (max-width: 480px) 150px\" src=\"https:\/\/parkingservisulcinj.me\/wp-content\/uploads\/2024\/03\/digitalni-kiosk.jpeg\" alt=\"\" class=\"uag-image-1387\" width=\"768\" height=\"1024\" title=\"digitalni-kiosk\" loading=\"lazy\" role=\"img\"\/><\/figure><\/div>\n<\/div>\n<\/div><\/div>\n\n\n\n<div class=\"wp-block-uagb-container uagb-block-6be43619 alignfull uagb-is-root-container\"><div class=\"uagb-container-inner-blocks-wrap\"><\/div><\/div>","protected":false},"excerpt":{"rendered":"<p>How to pay for parking?<\/p>","protected":false},"author":3,"featured_media":0,"parent":0,"menu_order":0,"comment_status":"closed","ping_status":"closed","template":"","meta":{"_uag_custom_page_level_css":"","site-sidebar-layout":"no-sidebar","site-content-layout":"plain-container","ast-site-content-layout":"normal-width-container","site-content-style":"unboxed","site-sidebar-style":"unboxed","ast-global-header-display":"","ast-banner-title-visibility":"","ast-main-header-display":"","ast-hfb-above-header-display":"","ast-hfb-below-header-display":"","ast-hfb-mobile-header-display":"","site-post-title":"disabled","ast-breadcrumbs-content":"","ast-featured-img":"disabled","footer-sml-layout":"","ast-disable-related-posts":"","theme-transparent-header-meta":"enabled","adv-header-id-meta":"","stick-header-meta":"","header-above-stick-meta":"","header-main-stick-meta":"","header-below-stick-meta":"","astra-migrate-meta-layouts":"set","ast-page-background-enabled":"default","ast-page-background-meta":{"desktop":{"background-color":"","background-image":"","background-repeat":"repeat","background-position":"center center","background-size":"auto","background-attachment":"scroll","background-type":"","background-media":"","overlay-type":"","overlay-color":"","overlay-opacity":"","overlay-gradient":""},"tablet":{"background-color":"","background-image":"","background-repeat":"repeat","background-position":"center center","background-size":"auto","background-attachment":"scroll","background-type":"","background-media":"","overlay-type":"","overlay-color":"","overlay-opacity":"","overlay-gradient":""},"mobile":{"background-color":"","background-image":"","background-repeat":"repeat","background-position":"center center","background-size":"auto","background-attachment":"scroll","background-type":"","background-media":"","overlay-type":"","overlay-color":"","overlay-opacity":"","overlay-gradient":""}},"ast-content-background-meta":{"desktop":{"background-color":"var(--ast-global-color-5)","background-image":"","background-repeat":"repeat","background-position":"center center","background-size":"auto","background-attachment":"scroll","background-type":"","background-media":"","overlay-type":"","overlay-color":"","overlay-opacity":"","overlay-gradient":""},"tablet":{"background-color":"var(--ast-global-color-5)","background-image":"","background-repeat":"repeat","background-position":"center center","background-size":"auto","background-attachment":"scroll","background-type":"","background-media":"","overlay-type":"","overlay-color":"","overlay-opacity":"","overlay-gradient":""},"mobile":{"background-color":"var(--ast-global-color-5)","background-image":"","background-repeat":"repeat","background-position":"center center","background-size":"auto","background-attachment":"scroll","background-type":"","background-media":"","overlay-type":"","overlay-color":"","overlay-opacity":"","overlay-gradient":""}},"footnotes":""},"class_list":["post-1340","page","type-page","status-publish","hentry"],"yoast_head":"<!-- This site is optimized with the Yoast SEO plugin v27.5 - https:\/\/yoast.com\/product\/yoast-seo-wordpress\/ -->\n<title>Na\u010din pla\u0107anja - Parking servis Ulcinj<\/title>\n<meta name=\"description\" content=\"Saznajte sve na\u010dine pla\u0107anja parkinga u Ulcinju: SMS poruke, kiosk karte, parkomati, mobilna aplikacija &quot;Digitalni kiosk&quot; i ugovori o povla\u0161\u0107enom parkiranju.\u200b\" \/>\n<meta name=\"robots\" content=\"index, follow, max-snippet:-1, max-image-preview:large, max-video-preview:-1\" \/>\n<link rel=\"canonical\" href=\"https:\/\/parkingservisulcinj.me\/en\/nacin-placanja\/\" \/>\n<meta property=\"og:locale\" content=\"en_US\" \/>\n<meta property=\"og:type\" content=\"article\" \/>\n<meta property=\"og:title\" content=\"Na\u010din pla\u0107anja - Parking servis Ulcinj\" \/>\n<meta property=\"og:description\" content=\"Saznajte sve na\u010dine pla\u0107anja parkinga u Ulcinju: SMS poruke, kiosk karte, parkomati, mobilna aplikacija &quot;Digitalni kiosk&quot; i ugovori o povla\u0161\u0107enom parkiranju.\u200b\" \/>\n<meta property=\"og:url\" content=\"https:\/\/parkingservisulcinj.me\/en\/nacin-placanja\/\" \/>\n<meta property=\"og:site_name\" content=\"Parking servis Ulcinj\" \/>\n<meta property=\"article:publisher\" content=\"https:\/\/www.facebook.com\/people\/Parking-servis-UlcinjUlqin\/100085605153965\/\" \/>\n<meta property=\"article:modified_time\" content=\"2025-04-15T20:47:57+00:00\" \/>\n<meta property=\"og:image\" content=\"https:\/\/parkingservisulcinj.me\/wp-content\/uploads\/2024\/05\/Placanje-SMS-porukom-1024x768.png\" \/>\n<meta name=\"twitter:card\" content=\"summary_large_image\" \/>\n<meta name=\"twitter:label1\" content=\"Est. reading time\" \/>\n\t<meta name=\"twitter:data1\" content=\"3 minutes\" \/>\n<script type=\"application\/ld+json\" class=\"yoast-schema-graph\">{\"@context\":\"https:\\\/\\\/schema.org\",\"@graph\":[{\"@type\":\"WebPage\",\"@id\":\"https:\\\/\\\/parkingservisulcinj.me\\\/nacin-placanja\\\/\",\"url\":\"https:\\\/\\\/parkingservisulcinj.me\\\/nacin-placanja\\\/\",\"name\":\"Na\u010din pla\u0107anja - Parking servis Ulcinj\",\"isPartOf\":{\"@id\":\"https:\\\/\\\/bqy.twj.mybluehost.me\\\/website_177d2ba3\\\/#website\"},\"primaryImageOfPage\":{\"@id\":\"https:\\\/\\\/parkingservisulcinj.me\\\/nacin-placanja\\\/#primaryimage\"},\"image\":{\"@id\":\"https:\\\/\\\/parkingservisulcinj.me\\\/nacin-placanja\\\/#primaryimage\"},\"thumbnailUrl\":\"https:\\\/\\\/parkingservisulcinj.me\\\/wp-content\\\/uploads\\\/2024\\\/05\\\/Placanje-SMS-porukom-1024x768.png\",\"datePublished\":\"2024-03-20T19:24:12+00:00\",\"dateModified\":\"2025-04-15T20:47:57+00:00\",\"description\":\"Saznajte sve na\u010dine pla\u0107anja parkinga u Ulcinju: SMS poruke, kiosk karte, parkomati, mobilna aplikacija \\\"Digitalni kiosk\\\" i ugovori o povla\u0161\u0107enom parkiranju.\u200b\",\"breadcrumb\":{\"@id\":\"https:\\\/\\\/parkingservisulcinj.me\\\/nacin-placanja\\\/#breadcrumb\"},\"inLanguage\":\"en-US\",\"potentialAction\":[{\"@type\":\"ReadAction\",\"target\":[\"https:\\\/\\\/parkingservisulcinj.me\\\/nacin-placanja\\\/\"]}]},{\"@type\":\"ImageObject\",\"inLanguage\":\"en-US\",\"@id\":\"https:\\\/\\\/parkingservisulcinj.me\\\/nacin-placanja\\\/#primaryimage\",\"url\":\"https:\\\/\\\/parkingservisulcinj.me\\\/wp-content\\\/uploads\\\/2024\\\/05\\\/Placanje-SMS-porukom-1024x768.png\",\"contentUrl\":\"https:\\\/\\\/parkingservisulcinj.me\\\/wp-content\\\/uploads\\\/2024\\\/05\\\/Placanje-SMS-porukom-1024x768.png\"},{\"@type\":\"BreadcrumbList\",\"@id\":\"https:\\\/\\\/parkingservisulcinj.me\\\/nacin-placanja\\\/#breadcrumb\",\"itemListElement\":[{\"@type\":\"ListItem\",\"position\":1,\"name\":\"Home\",\"item\":\"https:\\\/\\\/parkingservisulcinj.me\\\/\"},{\"@type\":\"ListItem\",\"position\":2,\"name\":\"Na\u010din pla\u0107anja\"}]},{\"@type\":\"WebSite\",\"@id\":\"https:\\\/\\\/bqy.twj.mybluehost.me\\\/website_177d2ba3\\\/#website\",\"url\":\"https:\\\/\\\/bqy.twj.mybluehost.me\\\/website_177d2ba3\\\/\",\"name\":\"Parking servis Ulcinj\",\"description\":\"Upravljanje, kori&scaron;\u0107enje i odr\u017eavanje javnih parkirali&scaron;ta i gara\u017ea op&scaron;tine Ulcinj.\",\"publisher\":{\"@id\":\"https:\\\/\\\/bqy.twj.mybluehost.me\\\/website_177d2ba3\\\/#organization\"},\"potentialAction\":[{\"@type\":\"SearchAction\",\"target\":{\"@type\":\"EntryPoint\",\"urlTemplate\":\"https:\\\/\\\/bqy.twj.mybluehost.me\\\/website_177d2ba3\\\/?s={search_term_string}\"},\"query-input\":{\"@type\":\"PropertyValueSpecification\",\"valueRequired\":true,\"valueName\":\"search_term_string\"}}],\"inLanguage\":\"en-US\"},{\"@type\":\"Organization\",\"@id\":\"https:\\\/\\\/bqy.twj.mybluehost.me\\\/website_177d2ba3\\\/#organization\",\"name\":\"Parking servis Ulcinj\",\"url\":\"https:\\\/\\\/bqy.twj.mybluehost.me\\\/website_177d2ba3\\\/\",\"logo\":{\"@type\":\"ImageObject\",\"inLanguage\":\"en-US\",\"@id\":\"https:\\\/\\\/bqy.twj.mybluehost.me\\\/website_177d2ba3\\\/#\\\/schema\\\/logo\\\/image\\\/\",\"url\":\"https:\\\/\\\/parkingservisulcinj.me\\\/wp-content\\\/uploads\\\/2024\\\/02\\\/parking-servis-logo.png\",\"contentUrl\":\"https:\\\/\\\/parkingservisulcinj.me\\\/wp-content\\\/uploads\\\/2024\\\/02\\\/parking-servis-logo.png\",\"width\":143,\"height\":159,\"caption\":\"Parking servis Ulcinj\"},\"image\":{\"@id\":\"https:\\\/\\\/bqy.twj.mybluehost.me\\\/website_177d2ba3\\\/#\\\/schema\\\/logo\\\/image\\\/\"},\"sameAs\":[\"https:\\\/\\\/www.facebook.com\\\/people\\\/Parking-servis-UlcinjUlqin\\\/100085605153965\\\/\",\"https:\\\/\\\/www.instagram.com\\\/parkingservis.ulcinj\\\/\"]}]}<\/script>\n<!-- \/ Yoast SEO plugin. -->","yoast_head_json":{"title":"Na\u010din pla\u0107anja - Parking servis Ulcinj","description":"Saznajte sve na\u010dine pla\u0107anja parkinga u Ulcinju: SMS poruke, kiosk karte, parkomati, mobilna aplikacija \"Digitalni kiosk\" i ugovori o povla\u0161\u0107enom parkiranju.\u200b","robots":{"index":"index","follow":"follow","max-snippet":"max-snippet:-1","max-image-preview":"max-image-preview:large","max-video-preview":"max-video-preview:-1"},"canonical":"https:\/\/parkingservisulcinj.me\/en\/nacin-placanja\/","og_locale":"en_US","og_type":"article","og_title":"Na\u010din pla\u0107anja - Parking servis Ulcinj","og_description":"Saznajte sve na\u010dine pla\u0107anja parkinga u Ulcinju: SMS poruke, kiosk karte, parkomati, mobilna aplikacija \"Digitalni kiosk\" i ugovori o povla\u0161\u0107enom parkiranju.\u200b","og_url":"https:\/\/parkingservisulcinj.me\/en\/nacin-placanja\/","og_site_name":"Parking servis Ulcinj","article_publisher":"https:\/\/www.facebook.com\/people\/Parking-servis-UlcinjUlqin\/100085605153965\/","article_modified_time":"2025-04-15T20:47:57+00:00","og_image":[{"url":"https:\/\/parkingservisulcinj.me\/wp-content\/uploads\/2024\/05\/Placanje-SMS-porukom-1024x768.png","type":"","width":"","height":""}],"twitter_card":"summary_large_image","twitter_misc":{"Est. reading time":"3 minutes"},"schema":{"@context":"https:\/\/schema.org","@graph":[{"@type":"WebPage","@id":"https:\/\/parkingservisulcinj.me\/nacin-placanja\/","url":"https:\/\/parkingservisulcinj.me\/nacin-placanja\/","name":"Na\u010din pla\u0107anja - Parking servis Ulcinj","isPartOf":{"@id":"https:\/\/bqy.twj.mybluehost.me\/website_177d2ba3\/#website"},"primaryImageOfPage":{"@id":"https:\/\/parkingservisulcinj.me\/nacin-placanja\/#primaryimage"},"image":{"@id":"https:\/\/parkingservisulcinj.me\/nacin-placanja\/#primaryimage"},"thumbnailUrl":"https:\/\/parkingservisulcinj.me\/wp-content\/uploads\/2024\/05\/Placanje-SMS-porukom-1024x768.png","datePublished":"2024-03-20T19:24:12+00:00","dateModified":"2025-04-15T20:47:57+00:00","description":"Saznajte sve na\u010dine pla\u0107anja parkinga u Ulcinju: SMS poruke, kiosk karte, parkomati, mobilna aplikacija \"Digitalni kiosk\" i ugovori o povla\u0161\u0107enom parkiranju.\u200b","breadcrumb":{"@id":"https:\/\/parkingservisulcinj.me\/nacin-placanja\/#breadcrumb"},"inLanguage":"en-US","potentialAction":[{"@type":"ReadAction","target":["https:\/\/parkingservisulcinj.me\/nacin-placanja\/"]}]},{"@type":"ImageObject","inLanguage":"en-US","@id":"https:\/\/parkingservisulcinj.me\/nacin-placanja\/#primaryimage","url":"https:\/\/parkingservisulcinj.me\/wp-content\/uploads\/2024\/05\/Placanje-SMS-porukom-1024x768.png","contentUrl":"https:\/\/parkingservisulcinj.me\/wp-content\/uploads\/2024\/05\/Placanje-SMS-porukom-1024x768.png"},{"@type":"BreadcrumbList","@id":"https:\/\/parkingservisulcinj.me\/nacin-placanja\/#breadcrumb","itemListElement":[{"@type":"ListItem","position":1,"name":"Home","item":"https:\/\/parkingservisulcinj.me\/"},{"@type":"ListItem","position":2,"name":"Na\u010din pla\u0107anja"}]},{"@type":"WebSite","@id":"https:\/\/bqy.twj.mybluehost.me\/website_177d2ba3\/#website","url":"https:\/\/bqy.twj.mybluehost.me\/website_177d2ba3\/","name":"Parking service Ulcinj","description":"Upravljanje, kori&scaron;\u0107enje i odr\u017eavanje javnih parkirali&scaron;ta i gara\u017ea op&scaron;tine Ulcinj.","publisher":{"@id":"https:\/\/bqy.twj.mybluehost.me\/website_177d2ba3\/#organization"},"potentialAction":[{"@type":"SearchAction","target":{"@type":"EntryPoint","urlTemplate":"https:\/\/bqy.twj.mybluehost.me\/website_177d2ba3\/?s={search_term_string}"},"query-input":{"@type":"PropertyValueSpecification","valueRequired":true,"valueName":"search_term_string"}}],"inLanguage":"en-US"},{"@type":"Organization","@id":"https:\/\/bqy.twj.mybluehost.me\/website_177d2ba3\/#organization","name":"Parking service Ulcinj","url":"https:\/\/bqy.twj.mybluehost.me\/website_177d2ba3\/","logo":{"@type":"ImageObject","inLanguage":"en-US","@id":"https:\/\/bqy.twj.mybluehost.me\/website_177d2ba3\/#\/schema\/logo\/image\/","url":"https:\/\/parkingservisulcinj.me\/wp-content\/uploads\/2024\/02\/parking-servis-logo.png","contentUrl":"https:\/\/parkingservisulcinj.me\/wp-content\/uploads\/2024\/02\/parking-servis-logo.png","width":143,"height":159,"caption":"Parking servis Ulcinj"},"image":{"@id":"https:\/\/bqy.twj.mybluehost.me\/website_177d2ba3\/#\/schema\/logo\/image\/"},"sameAs":["https:\/\/www.facebook.com\/people\/Parking-servis-UlcinjUlqin\/100085605153965\/","https:\/\/www.instagram.com\/parkingservis.ulcinj\/"]}]}},"uagb_featured_image_src":{"full":false,"thumbnail":false,"medium":false,"medium_large":false,"large":false,"1536x1536":false,"2048x2048":false,"trp-custom-language-flag":false},"uagb_author_info":{"display_name":"Samira Beci","author_link":"https:\/\/parkingservisulcinj.me\/en\/author\/admin-parking-servis\/"},"uagb_comment_info":0,"uagb_excerpt":"Kako platiti parking?","_links":{"self":[{"href":"https:\/\/parkingservisulcinj.me\/en\/wp-json\/wp\/v2\/pages\/1340","targetHints":{"allow":["GET"]}}],"collection":[{"href":"https:\/\/parkingservisulcinj.me\/en\/wp-json\/wp\/v2\/pages"}],"about":[{"href":"https:\/\/parkingservisulcinj.me\/en\/wp-json\/wp\/v2\/types\/page"}],"author":[{"embeddable":true,"href":"https:\/\/parkingservisulcinj.me\/en\/wp-json\/wp\/v2\/users\/3"}],"replies":[{"embeddable":true,"href":"https:\/\/parkingservisulcinj.me\/en\/wp-json\/wp\/v2\/comments?post=1340"}],"version-history":[{"count":5,"href":"https:\/\/parkingservisulcinj.me\/en\/wp-json\/wp\/v2\/pages\/1340\/revisions"}],"predecessor-version":[{"id":1767,"href":"https:\/\/parkingservisulcinj.me\/en\/wp-json\/wp\/v2\/pages\/1340\/revisions\/1767"}],"wp:attachment":[{"href":"https:\/\/parkingservisulcinj.me\/en\/wp-json\/wp\/v2\/media?parent=1340"}],"curies":[{"name":"wp","href":"https:\/\/api.w.org\/{rel}","templated":true}]}}